{"id":1822,"date":"2025-02-13T18:10:38","date_gmt":"2025-02-13T17:10:38","guid":{"rendered":"https:\/\/zem-zem.at\/?page_id=1822"},"modified":"2026-01-20T10:49:28","modified_gmt":"2026-01-20T09:49:28","slug":"impressum","status":"publish","type":"page","link":"https:\/\/zem-zem.at\/bs\/impressum\/","title":{"rendered":"Impressum"},"content":{"rendered":"<section class=\"bde-section-1822-112 bde-section bde-preset-4fb5b650-a86a-4d74-8356-2fc8dd534f7d\">\n              \n  \n  \n\t\n\n\n\n<div class=\"section-container\"><h1 class=\"bde-heading-1822-113 bde-heading bde-preset-19ec90ca-a111-4be3-83ca-72adc7b1cb5c\">\nImpressum\n<\/h1><\/div>\n<\/section><section class=\"bde-section-1822-115 bde-section\">\n  \n  \n\t\n\n\n\n<div class=\"section-container\"><h2 class=\"bde-heading-1822-116 bde-heading\">\n\u00d6sterreichisch - Bosnischer Kultur - und Informationsverein ZEM-ZEM\n<\/h2><div class=\"bde-icon-list-1822-130 bde-icon-list\">\n<ul>\n  \n              \n    <li>\n              <div class='bde-icon-list__item-wrapper'>\n      \n      <span class='bde-icon-list__icon'>\n        <svg xmlns=\"http:\/\/www.w3.org\/2000\/svg\" viewbox=\"0 0 384 512\"><!--! Font Awesome Free 6.5.1 by @fontawesome - https:\/\/fontawesome.com License - https:\/\/fontawesome.com\/license\/free (Icons: CC BY 4.0, Fonts: SIL OFL 1.1, Code: MIT License) Copyright 2023 Fonticons, Inc. --><path d=\"M215.7 499.2C267 435 384 279.4 384 192C384 86 298 0 192 0S0 86 0 192c0 87.4 117 243 168.3 307.2c12.3 15.3 35.1 15.3 47.4 0zM192 128a64 64 0 1 1 0 128 64 64 0 1 1 0-128z\"\/><\/svg>\n      <\/span>\n      <span class='bde-icon-list__text' >\n      Liechtensteinstra\u00dfe 1, 2130 Mistelbach\n      <\/span>\n              <\/div>\n      \n    <\/li>\n\n  \n              \n    <li>\n              <div class='bde-icon-list__item-wrapper'>\n      \n      <span class='bde-icon-list__icon'>\n        <svg xmlns=\"http:\/\/www.w3.org\/2000\/svg\" viewbox=\"0 0 512 512\"><!--! Font Awesome Free 6.5.1 by @fontawesome - https:\/\/fontawesome.com License - https:\/\/fontawesome.com\/license\/free (Icons: CC BY 4.0, Fonts: SIL OFL 1.1, Code: MIT License) Copyright 2023 Fonticons, Inc. --><path d=\"M164.9 24.6c-7.7-18.6-28-28.5-47.4-23.2l-88 24C12.1 30.2 0 46 0 64C0 311.4 200.6 512 448 512c18 0 33.8-12.1 38.6-29.5l24-88c5.3-19.4-4.6-39.7-23.2-47.4l-96-40c-16.3-6.8-35.2-2.1-46.3 11.6L304.7 368C234.3 334.7 177.3 277.7 144 207.3L193.3 167c13.7-11.2 18.4-30 11.6-46.3l-40-96z\"\/><\/svg>\n      <\/span>\n      <span class='bde-icon-list__text' >\n      +43 681 2025 1140\n      <\/span>\n              <\/div>\n      \n    <\/li>\n\n  \n              \n    <li>\n              <div class='bde-icon-list__item-wrapper'>\n      \n      <span class='bde-icon-list__icon'>\n        <svg xmlns=\"http:\/\/www.w3.org\/2000\/svg\" id=\"icon-mail3\" viewbox=\"0 0 32 32\">\n<path d=\"M26.667 0h-21.333c-2.934 0-5.334 2.4-5.334 5.334v21.332c0 2.936 2.4 5.334 5.334 5.334h21.333c2.934 0 5.333-2.398 5.333-5.334v-21.332c0-2.934-2.399-5.334-5.333-5.334zM5.707 27.707l-2.414-2.414 8-8 0.914 0.914-6.5 9.5zM4.793 6.207l0.914-0.914 10.293 8.293 10.293-8.293 0.914 0.914-11.207 13.207-11.207-13.207zM26.293 27.707l-6.5-9.5 0.914-0.914 8 8-2.414 2.414z\"\/>\n<\/svg>\n      <\/span>\n      <span class='bde-icon-list__text' >\n      info@zem-zem.at\n      <\/span>\n              <\/div>\n      \n    <\/li>\n\n  <\/ul>\n\n<\/div><div class=\"bde-rich-text-1822-117 bde-rich-text breakdance-rich-text-styles\">\n<p class=\"p2\"><span style=\"font-size: 12pt;\"><span class=\"s1\"><b>ZVR-Zahl:<\/b><\/span> 833127832<\/span><\/p><p class=\"p1\"><span style=\"font-size: 12pt;\"><b><u>Vertretungsberechtigte Personen<\/u><br \/><\/b><span class=\"s1\"><b>Obmann:<\/b><\/span> Rihad Stulanovic<\/span><br \/><span style=\"font-size: 12pt;\"><span class=\"s1\"><b>Leiter-Imam:<\/b><\/span> Elvedin Mujanovi\u0107<\/span><\/p><p class=\"p2\"><span style=\"font-size: 12pt;\">Diese Website dient der Information \u00fcber die Aktivit\u00e4ten und Angebote des Vereins sowie der F\u00f6rderung des interkulturellen Dialogs.<\/span><\/p><hr \/><p class=\"p1\"><b>Haftungsausschluss<\/b><b><\/b><\/p><p class=\"p3\">Der \u00d6sterreichisch - Bosnische Kultur - und Informationsverein ZEM-ZEM \u00fcbernimmt keine Gew\u00e4hr f\u00fcr die Aktualit\u00e4t, Richtigkeit und Vollst\u00e4ndigkeit der auf dieser Website bereitgestellten Informationen. Jegliche Haftung f\u00fcr Sch\u00e4den, die direkt oder indirekt aus der Nutzung dieser Website entstehen, wird ausgeschlossen, sofern diese nicht auf Vorsatz oder grober Fahrl\u00e4ssigkeit beruhen.<\/p><p class=\"p1\"><b>Haftung f\u00fcr Links<\/b><b><\/b><\/p><p class=\"p3\">Diese Website enth\u00e4lt Links zu externen Webseiten Dritter. Da wir keinen Einfluss auf deren Inhalte haben, k\u00f6nnen wir f\u00fcr diese fremden Inhalte keine Gew\u00e4hr \u00fcbernehmen. F\u00fcr die Inhalte der verlinkten Seiten ist stets der jeweilige Anbieter oder Betreiber verantwortlich.<\/p><p class=\"p1\"><b>Urheberrecht<\/b><b><\/b><\/p><p class=\"p3\">Die durch den Verein erstellten Inhalte und Werke auf dieser Website unterliegen dem \u00f6sterreichischen Urheberrecht. Jede Vervielf\u00e4ltigung, Bearbeitung, Verbreitung oder jede Art der Verwertung au\u00dferhalb der Grenzen des Urheberrechts bedarf der schriftlichen Zustimmung des Vereins.<\/p><p class=\"p1\"><b>Datenschutzerkl\u00e4rung<\/b><b><\/b><\/p><p class=\"p3\">Die Datenschutzerkl\u00e4rung ist gesondert unter folgendem Link abrufbar: <a href=\"\/bs\/datenschutz\/\">www.zem-zem.at\/datenschutz<\/a><\/p><p>\u00a0<\/p>\n<\/div><\/div>\n<\/section>","protected":false},"excerpt":{"rendered":"<p>Impressum \u00d6sterreichisch &#8211; Bosnischer Kultur &#8211; und Informationsverein ZEM-ZEM Liechtensteinstra\u00dfe 1, 2130 Mistelbach +43 681 2025 1140 info@zem-zem.at ZVR-Zahl: 833127832Vertretungsberechtigte PersonenObmann: Rihad StulanovicLeiter-Imam: Elvedin Mujanovi\u0107Diese Website dient der Information \u00fcber die Aktivit\u00e4ten und Angebote des Vereins sowie der F\u00f6rderung des interkulturellen Dialogs.HaftungsausschlussDer \u00d6sterreichisch &#8211; Bosnische Kultur &#8211; und Informationsverein ZEM-ZEM \u00fcbernimmt keine Gew\u00e4hr f\u00fcr die [&hellip;]<\/p>","protected":false},"author":1,"featured_media":0,"parent":0,"menu_order":2,"comment_status":"closed","ping_status":"closed","template":"","meta":{"_acf_changed":false,"_breakdance_hide_in_design_set":false,"_breakdance_tags":"","iawp_total_views":46},"class_list":["post-1822","page","type-page","status-publish","hentry"],"acf":[],"_links":{"self":[{"href":"https:\/\/zem-zem.at\/bs\/wp-json\/wp\/v2\/pages\/1822","targetHints":{"allow":["GET"]}}],"collection":[{"href":"https:\/\/zem-zem.at\/bs\/wp-json\/wp\/v2\/pages"}],"about":[{"href":"https:\/\/zem-zem.at\/bs\/wp-json\/wp\/v2\/types\/page"}],"author":[{"embeddable":true,"href":"https:\/\/zem-zem.at\/bs\/wp-json\/wp\/v2\/users\/1"}],"replies":[{"embeddable":true,"href":"https:\/\/zem-zem.at\/bs\/wp-json\/wp\/v2\/comments?post=1822"}],"version-history":[{"count":5,"href":"https:\/\/zem-zem.at\/bs\/wp-json\/wp\/v2\/pages\/1822\/revisions"}],"predecessor-version":[{"id":2368,"href":"https:\/\/zem-zem.at\/bs\/wp-json\/wp\/v2\/pages\/1822\/revisions\/2368"}],"wp:attachment":[{"href":"https:\/\/zem-zem.at\/bs\/wp-json\/wp\/v2\/media?parent=1822"}],"curies":[{"name":"wp","href":"https:\/\/api.w.org\/{rel}","templated":true}]}}