{"id":784,"date":"2025-01-30T17:57:49","date_gmt":"2025-01-30T16:57:49","guid":{"rendered":"https:\/\/zem-zem.at\/?page_id=784"},"modified":"2025-02-13T20:16:07","modified_gmt":"2025-02-13T19:16:07","slug":"mekteb","status":"publish","type":"page","link":"https:\/\/zem-zem.at\/bs\/mekteb\/","title":{"rendered":"Mekteb"},"content":{"rendered":"<section class=\"bde-section-784-112 bde-section bde-preset-4fb5b650-a86a-4d74-8356-2fc8dd534f7d\">\n              \n  \n  \n\t\n\n\n\n<div class=\"section-container\"><h1 class=\"bde-heading-784-113 bde-heading bde-preset-19ec90ca-a111-4be3-83ca-72adc7b1cb5c\">\nPrva obrazovna ustanova za mlade muslimane\n<\/h1><div class=\"bde-text-784-114 bde-text bde-preset-0a5ff931-c030-4cc4-aa9b-8abb3a0fb954\">\nMekteb\n<\/div><\/div>\n<\/section><section class=\"bde-section-784-115 bde-section\">\n  \n  \n\t\n\n\n\n<div class=\"section-container\"><h1 class=\"bde-heading-784-116 bde-heading\">\nZna\u010daj mekteba za islamski odgoj\n<\/h1><div class=\"bde-rich-text-784-117 bde-rich-text breakdance-rich-text-styles\">\n<p class=\"translation-block\"><strong>Mekteb<\/strong> je prva i najva\u017enija obrazovna ustanova za djecu i mlade u islamskoj zajednici. Pru\u017ea osnovno znanje o islamu, uklju\u010duju\u0107i u\u010denje Kur'ana, praksu namaza te eti\u010dke i moralne vrijednosti. Istovremeno, poti\u010de razvoj sna\u017enog islamskog identiteta i odgaja mlade muslimane u odgovorne i dru\u0161tveno svjesne osobe.<\/p>\n<p>Roditelji imaju klju\u010dnu odgovornost u vjerskom odgoju svoje djece, ali \u010desto su vrijeme, znanje i potrebni resursi ograni\u010deni. Ovdje dolazi u pomo\u0107 mekteb: on dopunjava porodi\u010dni odgoj kroz strukturirani i kvalitetni nastavni program prilago\u0111en potrebama i uzrastu u\u010denika.<\/p>\n<p>Mekteb ne priprema djecu samo za vjersku praksu, ve\u0107 i za samouvjeren \u017eivot muslimana u modernom dru\u0161tvu. Islamska zajednica smatra svojom du\u017eno\u0161\u0107u da kroz mekteb osigura preno\u0161enje vjere i omogu\u0107i djeci cjelovit odgoj i obrazovanje.<\/p>\n<p><strong>Prednosti mektebske nastave:<\/strong><br \/>\u2714 Strukturirano u\u010denje o islamu<br \/>\u2714 Pru\u017eanje vrijednosti kao \u0161to su po\u0161tovanje, strpljenje i odgovornost<br \/>\u2714 Ja\u010danje socijalnih veza unutar islamske zajednice<br \/>\u2714 Podr\u0161ka roditeljima u vjerskom odgoju<\/p>\n<p>\ud83d\udd4c <strong>Mekteb nije samo \u0161kola, ve\u0107 \u017eivotni vodi\u010d za mlade muslimane.<\/strong><\/p>\n<\/div><\/div>\n<\/section><section class=\"bde-section-784-120 bde-section\">\n  \n  \n\t\n\n\n\n<div class=\"section-container\"><div class=\"bde-columns-784-121 bde-columns\"><div class=\"bde-column-784-122 bde-column\">\n  \n  \n\t\n\n\n\n<h1 class=\"bde-heading-784-128 bde-heading\">\nSadr\u017eaji\u00a0\n<\/h1><div class=\"bde-rich-text-784-124 bde-rich-text breakdance-rich-text-styles\">\n<p class=\"translation-block\">\u2714 <strong>Osnove vjerovanja<\/strong> \u2013 \u0160est temeljnih islamskih vjerovanja<br>\n\u2714 <strong>Islamske obaveze<\/strong> \u2013 Namaz, post, zekat, had\u017e<br>\n\u2714 <strong>Nastava Kur'ana<\/strong> \u2013 U\u010denje i razumijevanje svete knjige<br>\n\u2714 <strong>Islamska etika<\/strong> \u2013 Po\u0161tovanje, zahvalnost i lijepe osobine<br>\n\u2714 <strong>Historija islama<\/strong> \u2013 Poslanici i njihove poruke<\/p>\n<\/div>\n<\/div><div class=\"bde-column-784-125 bde-column\">\n  \n  \n\t\n\n\n\n<div class=\"bde-basicslider-784-126 bde-basicslider\">\n<div class=\"breakdance-swiper-wrapper\" data-swiper-id=\"126\">\n    <div class=\"swiper\">\n      <div class=\"swiper-wrapper\">\n      \n\t                    \n        <div class=\"swiper-slide\">\n          <div class=\"bde-basicslider__slide\">\n              <div class=\"bde-basicslider__content\">\n                                                <\/div>\n\n\t\t\t\t\t\t          <img loading=\"lazy\" decoding=\"async\" class=\"breakdance-image-object bde-basicslider__image\" src=\"https:\/\/zem-zem.at\/wp-content\/uploads\/2025\/02\/Mekteb.jpg\" width=\"1024\" height=\"768\" srcset=\"https:\/\/zem-zem.at\/wp-content\/uploads\/2025\/02\/Mekteb.jpg 1024w, https:\/\/zem-zem.at\/wp-content\/uploads\/2025\/02\/Mekteb-300x225.jpg 300w, https:\/\/zem-zem.at\/wp-content\/uploads\/2025\/02\/Mekteb-768x576.jpg 768w, https:\/\/zem-zem.at\/wp-content\/uploads\/2025\/02\/Mekteb-16x12.jpg 16w\" sizes=\"auto, (max-width: 1024px) 100vw, 1024px\">\n\t\t\t\n          <\/div>\n        <\/div>\n       \n      <\/div>\n    <\/div>\n                <div class=\"swiper-button-prev\">\n            \n        <\/div>\n        <div class=\"swiper-button-next\">\n            \n        <\/div>\n    \n            <div class=\"swiper-pagination\"><\/div>\n    \n<\/div>\n\n<\/div>\n<\/div><\/div><\/div>\n<\/section><section class=\"bde-section-784-118 bde-section\">\n  \n  \n\t\n\n\n\n<div class=\"section-container\"><h1 class=\"bde-heading-784-129 bde-heading\">\nDownlaods\n<\/h1><div class=\"bde-post-loop-784-119 bde-post-loop\"><div class=\"bde-loop bde-loop-grid ee-posts ee-posts-grid\">    <article class=\"bde-loop-item ee-post\">\n        <div class=\"bde-div-1443-100-1452-1443-1 bde-div bde-div-1443-100\">\n  \n  \n\t\n\n\n\n\n<\/div>    <\/article>\n    <article class=\"bde-loop-item ee-post\">\n        <div class=\"bde-div-1443-100-1457-1443-1 bde-div bde-div-1443-100\">\n  \n  \n\t\n\n\n\n\n<\/div>    <\/article>\n<\/div>\r\n<\/div><\/div>\n<\/section>","protected":false},"excerpt":{"rendered":"<p>Erste Bildungsst\u00e4tte f\u00fcr junge Muslime Mekteb Die Bedeutung des Mekteb f\u00fcr die islamische Erziehung Der Mekteb ist die erste und wichtigste Bildungsst\u00e4tte f\u00fcr Kinder und Jugendliche in der islamischen Gemeinschaft. Er vermittelt grundlegendes Wissen \u00fcber den Islam, darunter das Lesen des Korans, die Gebetspraxis sowie ethische und moralische Werte. Gleichzeitig f\u00f6rdert er die Entwicklung einer [&hellip;]<\/p>","protected":false},"author":1,"featured_media":0,"parent":0,"menu_order":2,"comment_status":"closed","ping_status":"closed","template":"","meta":{"_acf_changed":false,"_breakdance_hide_in_design_set":false,"_breakdance_tags":"","iawp_total_views":113},"class_list":["post-784","page","type-page","status-publish","hentry"],"acf":[],"_links":{"self":[{"href":"https:\/\/zem-zem.at\/bs\/wp-json\/wp\/v2\/pages\/784","targetHints":{"allow":["GET"]}}],"collection":[{"href":"https:\/\/zem-zem.at\/bs\/wp-json\/wp\/v2\/pages"}],"about":[{"href":"https:\/\/zem-zem.at\/bs\/wp-json\/wp\/v2\/types\/page"}],"author":[{"embeddable":true,"href":"https:\/\/zem-zem.at\/bs\/wp-json\/wp\/v2\/users\/1"}],"replies":[{"embeddable":true,"href":"https:\/\/zem-zem.at\/bs\/wp-json\/wp\/v2\/comments?post=784"}],"version-history":[{"count":5,"href":"https:\/\/zem-zem.at\/bs\/wp-json\/wp\/v2\/pages\/784\/revisions"}],"predecessor-version":[{"id":1845,"href":"https:\/\/zem-zem.at\/bs\/wp-json\/wp\/v2\/pages\/784\/revisions\/1845"}],"wp:attachment":[{"href":"https:\/\/zem-zem.at\/bs\/wp-json\/wp\/v2\/media?parent=784"}],"curies":[{"name":"wp","href":"https:\/\/api.w.org\/{rel}","templated":true}]}}