{"id":786,"date":"2025-01-30T17:58:01","date_gmt":"2025-01-30T16:58:01","guid":{"rendered":"https:\/\/zem-zem.at\/?page_id=786"},"modified":"2025-02-03T21:46:16","modified_gmt":"2025-02-03T20:46:16","slug":"kultur","status":"publish","type":"page","link":"https:\/\/zem-zem.at\/bs\/kultur\/","title":{"rendered":"Kultura"},"content":{"rendered":"<section class=\"bde-section-786-112 bde-section bde-preset-4fb5b650-a86a-4d74-8356-2fc8dd534f7d\">\n              \n  \n  \n\t\n\n\n\n<div class=\"section-container\"><h1 class=\"bde-heading-786-113 bde-heading bde-preset-19ec90ca-a111-4be3-83ca-72adc7b1cb5c translation-block\">Bo\u0161nja\u010dki korijeni<br>\u010duvati i \u017eivjeti<\/h1><div class=\"bde-text-786-114 bde-text bde-preset-0a5ff931-c030-4cc4-aa9b-8abb3a0fb954\">\nKultura\n<\/div><\/div>\n<\/section><section class=\"bde-section-786-118 bde-section\">\n  \n  \n\t\n\n\n\n<div class=\"section-container\"><h1 class=\"bde-heading-786-119 bde-heading\">\nNaslije\u0111e puno historije i raznolikosti\n<\/h1><div class=\"bde-rich-text-786-120 bde-rich-text breakdance-rich-text-styles\">\n<p>Bosnja\u010dka kultura rezultat je jedinstvenog spoja orijentalnih, evropskih i balkanskih utjecaja. Ona objedinjuje elemente iz razli\u010ditih historijskih epoha \u2013 od srednjovjekovne bosanske dr\u017eavnosti, preko Osmanskog carstva, pa sve do savremenog doba.<\/p>\n<p class=\"translation-block\"><strong>Zemlja puna kulturnih blaga<\/strong><br>Bosna i Hercegovina obiluje historijski zna\u010dajnim mjestima koja do danas svjedo\u010de o bogatoj pro\u0161losti ovog regiona. Gradovi poput Sarajevo, Mostar, Jajce i Po\u010ditelj \u010duvaju naslije\u0111e pro\u0161lih vremena kroz svoje ulice, d\u017eamije, tvr\u0111ave i mostove. Poznati <strong>ste\u0107ak<\/strong>, srednjovjekovni nadgrobni spomenik, autenti\u010dan je simbol bosanske kulture i dio UNESCO-ve svjetske ba\u0161tine.<\/p>\n<p class=\"translation-block\"><strong>Knj\u017eevnost i umjetnost kao ogledalo du\u0161e<\/strong><br>Bosnjaci su dali zna\u010dajan doprinos knji\u017eevnosti, iznjedriv\u0161i velikane poput <strong>Ive Andri\u0107a<\/strong>, dobitnika Nobelove nagrade za knji\u017eevnost, <strong>Me\u0161e Selimovi\u0107a<\/strong> i <strong>Maka Dizdara<\/strong>, \u010dija su djela duboko ukorijenjena u historiji i identitetu Bosne. Tako\u0111er, Bosna je kroz slikarstvo, arhitekturu i filmsku umjetnost uvijek imala svoje mjesto na svjetskoj sceni, osvajaju\u0107i priznanja i nagrade.<\/p>\n<p class=\"translation-block\"><strong>Muzika Bo\u0161njaka: Sevdalinka<\/strong><br>Jedno od sr\u010danih obilje\u017eja bosnja\u010dke kulture je <strong>sevdalinka<\/strong> \u2013 emotivna, melanholi\u010dna narodna muzika koja pjeva o ljubavi, \u010de\u017enji i \u017eivotnim iskustvima. Sa svojim orijentalnim melodijama i poetskim tekstovima, sevdalinka je poznata daleko izvan granica zemlje i predstavlja centralni dio bosanskog identiteta.<\/p>\n<p class=\"translation-block\"><strong>Tradicionalno i moderno u savr\u0161enoj harmoniji<\/strong><br>Bosnja\u010dka kultura neprestano balansira izme\u0111u tradicije i modernog doba. Dok se stari obi\u010daji bri\u017eljivo \u010duvaju, nove generacije se otvaraju svijetu i integriraju svoje kulturne korijene u globalni kontekst. Ova ravnote\u017ea izme\u0111u pro\u0161losti i sada\u0161njosti \u010dini bosnja\u010dku kulturu jedinstvenom i \u017eivom.<\/p>\n<p><strong>Na\u0161a d\u017eamija \u010duva ove tradicije kroz organizaciju kulturnih doga\u0111aja, preno\u0161enje historije Bosne i stvaranje prostora za o\u010duvanje na\u0161eg identiteta.<\/strong><\/strong><\/p>\n<\/div><\/div>\n<\/section><section class=\"bde-section-786-121 bde-section\">\n  \n  \n\t\n\n\n\n<div class=\"section-container\"><div class=\"bde-columns-786-122 bde-columns\"><div class=\"bde-column-786-123 bde-column\">\n  \n  \n\t\n\n\n\n<h1 class=\"bde-heading-786-124 bde-heading\">\nBo\u0161nja\u010dki obi\u010daji i vrijednosti\n<\/h1><div class=\"bde-rich-text-786-125 bde-rich-text breakdance-rich-text-styles\">\n<p><strong>Sevdalinka \u2013 Du\u0161a Bosne<\/strong>: Tradicionalna bosanska muzika pri\u010da o ljubavi, \u010de\u017enji i historiji.<\/p>\n<p><strong>Bosanska gostoljubivost<\/strong>: Kafa i slatki\u0161i poput baklave ili lokuma neizostavan su dio svakog susreta.<\/p>\n<p><strong>Kulturna raznolikost<\/strong>: Utjecaji Osmanskog carstva, Srednje Evrope i Mediterana oblikuju arhitekturu i umjetnost.<\/p>\n<p><strong>Traditionelle Kleidung &amp; Folklore<\/strong>: Historijske no\u0161nje i narodni plesovi poput \u201eKola\u201c ja\u010daju zajedni\u0161tvo.<\/p>\n<\/div>\n<\/div><div class=\"bde-column-786-126 bde-column\">\n  \n  \n\t\n\n\n\n<div class=\"bde-gallery-786-131 bde-gallery\">\n\n\n  \n\n\n\n\n\n\n\n\n\n\n<div class=\"ee-gallery ee-gallery--default ee-gallery--grid ee-gallery--single ee-gallery--lightbox ee-gallery-- ee-gallery--caption- ee-gallery--caption-none ee-gallery--ratio\">\n                  \n      <a class=\"ee-gallery-item ee-gallery-item--image ee-gallery-item--single\" href=\"https:\/\/zem-zem.at\/wp-content\/uploads\/2025\/02\/sarajevo-bendbasi-bosnia-austro-hungary-wdl2634-37377d.png\"  data-sub-html=\"<span><\/span>\" data-category=\"1\"                  data-lg-size=\"1024-764\"\n\n      >\n        <figure class=\"ee-gallery-item-figure\">\n                        <img loading=\"lazy\" decoding=\"async\" class=\"breakdance-image-object\" src=\"https:\/\/zem-zem.at\/wp-content\/uploads\/2025\/02\/sarajevo-bendbasi-bosnia-austro-hungary-wdl2634-37377d.png\" width=\"1024\" height=\"764\" srcset=\"https:\/\/zem-zem.at\/wp-content\/uploads\/2025\/02\/sarajevo-bendbasi-bosnia-austro-hungary-wdl2634-37377d.png 1024w, https:\/\/zem-zem.at\/wp-content\/uploads\/2025\/02\/sarajevo-bendbasi-bosnia-austro-hungary-wdl2634-37377d-300x224.png 300w, https:\/\/zem-zem.at\/wp-content\/uploads\/2025\/02\/sarajevo-bendbasi-bosnia-austro-hungary-wdl2634-37377d-768x573.png 768w, https:\/\/zem-zem.at\/wp-content\/uploads\/2025\/02\/sarajevo-bendbasi-bosnia-austro-hungary-wdl2634-37377d-16x12.png 16w\" sizes=\"auto, (max-width: 1024px) 100vw, 1024px\">\n          \n                  <\/figure>\n      <\/a>\n\n                \n      <a class=\"ee-gallery-item ee-gallery-item--image ee-gallery-item--single\" href=\"https:\/\/zem-zem.at\/wp-content\/uploads\/2025\/02\/bosnia-herzegovina-sarajevo-2-21f3e3.jpg\"  data-sub-html=\"<span><\/span>\" data-category=\"1\"                  data-lg-size=\"830-1024\"\n\n      >\n        <figure class=\"ee-gallery-item-figure\">\n                        <img loading=\"lazy\" decoding=\"async\" class=\"breakdance-image-object\" src=\"https:\/\/zem-zem.at\/wp-content\/uploads\/2025\/02\/bosnia-herzegovina-sarajevo-2-21f3e3.jpg\" width=\"830\" height=\"1024\" srcset=\"https:\/\/zem-zem.at\/wp-content\/uploads\/2025\/02\/bosnia-herzegovina-sarajevo-2-21f3e3.jpg 830w, https:\/\/zem-zem.at\/wp-content\/uploads\/2025\/02\/bosnia-herzegovina-sarajevo-2-21f3e3-243x300.jpg 243w, https:\/\/zem-zem.at\/wp-content\/uploads\/2025\/02\/bosnia-herzegovina-sarajevo-2-21f3e3-768x948.jpg 768w, https:\/\/zem-zem.at\/wp-content\/uploads\/2025\/02\/bosnia-herzegovina-sarajevo-2-21f3e3-10x12.jpg 10w\" sizes=\"auto, (max-width: 830px) 100vw, 830px\">\n          \n                  <\/figure>\n      <\/a>\n\n                \n      <a class=\"ee-gallery-item ee-gallery-item--image ee-gallery-item--single\" href=\"https:\/\/zem-zem.at\/wp-content\/uploads\/2025\/02\/bruner-dvorak-rudolf-bosna-medresa-2-ca-1906-7f92c6-small.jpg\"  data-sub-html=\"<span><\/span>\" data-category=\"1\"                  data-lg-size=\"550-518\"\n\n      >\n        <figure class=\"ee-gallery-item-figure\">\n                        <img loading=\"lazy\" decoding=\"async\" class=\"breakdance-image-object\" src=\"https:\/\/zem-zem.at\/wp-content\/uploads\/2025\/02\/bruner-dvorak-rudolf-bosna-medresa-2-ca-1906-7f92c6-small.jpg\" width=\"550\" height=\"518\" srcset=\"https:\/\/zem-zem.at\/wp-content\/uploads\/2025\/02\/bruner-dvorak-rudolf-bosna-medresa-2-ca-1906-7f92c6-small.jpg 550w, https:\/\/zem-zem.at\/wp-content\/uploads\/2025\/02\/bruner-dvorak-rudolf-bosna-medresa-2-ca-1906-7f92c6-small-300x283.jpg 300w, https:\/\/zem-zem.at\/wp-content\/uploads\/2025\/02\/bruner-dvorak-rudolf-bosna-medresa-2-ca-1906-7f92c6-small-13x12.jpg 13w\" sizes=\"auto, (max-width: 550px) 100vw, 550px\">\n          \n                  <\/figure>\n      <\/a>\n\n                \n      <a class=\"ee-gallery-item ee-gallery-item--image ee-gallery-item--single\" href=\"https:\/\/zem-zem.at\/wp-content\/uploads\/2025\/02\/5884610822_b979f181b5_c.jpg\"  data-sub-html=\"<span><\/span>\" data-category=\"1\"                  data-lg-size=\"800-600\"\n\n      >\n        <figure class=\"ee-gallery-item-figure\">\n                        <img loading=\"lazy\" decoding=\"async\" class=\"breakdance-image-object\" src=\"https:\/\/zem-zem.at\/wp-content\/uploads\/2025\/02\/5884610822_b979f181b5_c.jpg\" width=\"800\" height=\"600\" srcset=\"https:\/\/zem-zem.at\/wp-content\/uploads\/2025\/02\/5884610822_b979f181b5_c.jpg 800w, https:\/\/zem-zem.at\/wp-content\/uploads\/2025\/02\/5884610822_b979f181b5_c-300x225.jpg 300w, https:\/\/zem-zem.at\/wp-content\/uploads\/2025\/02\/5884610822_b979f181b5_c-768x576.jpg 768w, https:\/\/zem-zem.at\/wp-content\/uploads\/2025\/02\/5884610822_b979f181b5_c-16x12.jpg 16w\" sizes=\"auto, (max-width: 800px) 100vw, 800px\">\n          \n                  <\/figure>\n      <\/a>\n\n                \n      <a class=\"ee-gallery-item ee-gallery-item--image ee-gallery-item--single\" href=\"https:\/\/zem-zem.at\/wp-content\/uploads\/2025\/02\/sarajevo-looking-toward-alifakovak-bosnia-austro-hungary-wdl2633-418d94.png\"  data-sub-html=\"<span><\/span>\" data-category=\"1\"                  data-lg-size=\"1024-766\"\n\n      >\n        <figure class=\"ee-gallery-item-figure\">\n                        <img loading=\"lazy\" decoding=\"async\" class=\"breakdance-image-object\" src=\"https:\/\/zem-zem.at\/wp-content\/uploads\/2025\/02\/sarajevo-looking-toward-alifakovak-bosnia-austro-hungary-wdl2633-418d94.png\" width=\"1024\" height=\"766\" srcset=\"https:\/\/zem-zem.at\/wp-content\/uploads\/2025\/02\/sarajevo-looking-toward-alifakovak-bosnia-austro-hungary-wdl2633-418d94.png 1024w, https:\/\/zem-zem.at\/wp-content\/uploads\/2025\/02\/sarajevo-looking-toward-alifakovak-bosnia-austro-hungary-wdl2633-418d94-300x224.png 300w, https:\/\/zem-zem.at\/wp-content\/uploads\/2025\/02\/sarajevo-looking-toward-alifakovak-bosnia-austro-hungary-wdl2633-418d94-768x575.png 768w, https:\/\/zem-zem.at\/wp-content\/uploads\/2025\/02\/sarajevo-looking-toward-alifakovak-bosnia-austro-hungary-wdl2633-418d94-16x12.png 16w\" sizes=\"auto, (max-width: 1024px) 100vw, 1024px\">\n          \n                  <\/figure>\n      <\/a>\n\n                \n      <a class=\"ee-gallery-item ee-gallery-item--image ee-gallery-item--single\" href=\"https:\/\/zem-zem.at\/wp-content\/uploads\/2025\/02\/girl-of-sarajevo-bosnia-austro-hungary-wdl2637-2a5546.png\"  data-sub-html=\"<span><\/span>\" data-category=\"1\"                  data-lg-size=\"761-1024\"\n\n      >\n        <figure class=\"ee-gallery-item-figure\">\n                        <img loading=\"lazy\" decoding=\"async\" class=\"breakdance-image-object\" src=\"https:\/\/zem-zem.at\/wp-content\/uploads\/2025\/02\/girl-of-sarajevo-bosnia-austro-hungary-wdl2637-2a5546.png\" width=\"761\" height=\"1024\" srcset=\"https:\/\/zem-zem.at\/wp-content\/uploads\/2025\/02\/girl-of-sarajevo-bosnia-austro-hungary-wdl2637-2a5546.png 761w, https:\/\/zem-zem.at\/wp-content\/uploads\/2025\/02\/girl-of-sarajevo-bosnia-austro-hungary-wdl2637-2a5546-223x300.png 223w, https:\/\/zem-zem.at\/wp-content\/uploads\/2025\/02\/girl-of-sarajevo-bosnia-austro-hungary-wdl2637-2a5546-9x12.png 9w\" sizes=\"auto, (max-width: 761px) 100vw, 761px\">\n          \n                  <\/figure>\n      <\/a>\n\n                \n      <a class=\"ee-gallery-item ee-gallery-item--image ee-gallery-item--single\" href=\"https:\/\/zem-zem.at\/wp-content\/uploads\/2025\/02\/jajce-bosnia-austro-hungary-wdl2632-b856cf.png\"  data-sub-html=\"<span><\/span>\" data-category=\"1\"                  data-lg-size=\"1024-768\"\n\n      >\n        <figure class=\"ee-gallery-item-figure\">\n                        <img loading=\"lazy\" decoding=\"async\" class=\"breakdance-image-object\" src=\"https:\/\/zem-zem.at\/wp-content\/uploads\/2025\/02\/jajce-bosnia-austro-hungary-wdl2632-b856cf.png\" width=\"1024\" height=\"768\" srcset=\"https:\/\/zem-zem.at\/wp-content\/uploads\/2025\/02\/jajce-bosnia-austro-hungary-wdl2632-b856cf.png 1024w, https:\/\/zem-zem.at\/wp-content\/uploads\/2025\/02\/jajce-bosnia-austro-hungary-wdl2632-b856cf-300x225.png 300w, https:\/\/zem-zem.at\/wp-content\/uploads\/2025\/02\/jajce-bosnia-austro-hungary-wdl2632-b856cf-768x576.png 768w, https:\/\/zem-zem.at\/wp-content\/uploads\/2025\/02\/jajce-bosnia-austro-hungary-wdl2632-b856cf-16x12.png 16w\" sizes=\"auto, (max-width: 1024px) 100vw, 1024px\">\n          \n                  <\/figure>\n      <\/a>\n\n                \n      <a class=\"ee-gallery-item ee-gallery-item--image ee-gallery-item--single\" href=\"https:\/\/zem-zem.at\/wp-content\/uploads\/2025\/02\/peasants-dancing-bosnia-austro-hungary-wdl2638-4fa313.png\"  data-sub-html=\"<span><\/span>\" data-category=\"1\"                  data-lg-size=\"1024-770\"\n\n      >\n        <figure class=\"ee-gallery-item-figure\">\n                        <img loading=\"lazy\" decoding=\"async\" class=\"breakdance-image-object\" src=\"https:\/\/zem-zem.at\/wp-content\/uploads\/2025\/02\/peasants-dancing-bosnia-austro-hungary-wdl2638-4fa313.png\" width=\"1024\" height=\"770\" srcset=\"https:\/\/zem-zem.at\/wp-content\/uploads\/2025\/02\/peasants-dancing-bosnia-austro-hungary-wdl2638-4fa313.png 1024w, https:\/\/zem-zem.at\/wp-content\/uploads\/2025\/02\/peasants-dancing-bosnia-austro-hungary-wdl2638-4fa313-300x226.png 300w, https:\/\/zem-zem.at\/wp-content\/uploads\/2025\/02\/peasants-dancing-bosnia-austro-hungary-wdl2638-4fa313-768x578.png 768w, https:\/\/zem-zem.at\/wp-content\/uploads\/2025\/02\/peasants-dancing-bosnia-austro-hungary-wdl2638-4fa313-16x12.png 16w\" sizes=\"auto, (max-width: 1024px) 100vw, 1024px\">\n          \n                  <\/figure>\n      <\/a>\n\n                \n      <a class=\"ee-gallery-item ee-gallery-item--image ee-gallery-item--single\" href=\"https:\/\/zem-zem.at\/wp-content\/uploads\/2025\/02\/visegrad-bosnia-austro-hungary-wdl2636-4e9e41.png\"  data-sub-html=\"<span><\/span>\" data-category=\"1\"                  data-lg-size=\"1024-761\"\n\n      >\n        <figure class=\"ee-gallery-item-figure\">\n                        <img loading=\"lazy\" decoding=\"async\" class=\"breakdance-image-object\" src=\"https:\/\/zem-zem.at\/wp-content\/uploads\/2025\/02\/visegrad-bosnia-austro-hungary-wdl2636-4e9e41.png\" width=\"1024\" height=\"761\" srcset=\"https:\/\/zem-zem.at\/wp-content\/uploads\/2025\/02\/visegrad-bosnia-austro-hungary-wdl2636-4e9e41.png 1024w, https:\/\/zem-zem.at\/wp-content\/uploads\/2025\/02\/visegrad-bosnia-austro-hungary-wdl2636-4e9e41-300x223.png 300w, https:\/\/zem-zem.at\/wp-content\/uploads\/2025\/02\/visegrad-bosnia-austro-hungary-wdl2636-4e9e41-768x571.png 768w, https:\/\/zem-zem.at\/wp-content\/uploads\/2025\/02\/visegrad-bosnia-austro-hungary-wdl2636-4e9e41-16x12.png 16w\" sizes=\"auto, (max-width: 1024px) 100vw, 1024px\">\n          \n                  <\/figure>\n      <\/a>\n\n                \n      <a class=\"ee-gallery-item ee-gallery-item--image ee-gallery-item--single\" href=\"https:\/\/zem-zem.at\/wp-content\/uploads\/2025\/02\/bosnia-herzegovina-sarajevo-96fdbd.jpg\"  data-sub-html=\"<span><\/span>\" data-category=\"1\"                  data-lg-size=\"1024-739\"\n\n      >\n        <figure class=\"ee-gallery-item-figure\">\n                        <img loading=\"lazy\" decoding=\"async\" class=\"breakdance-image-object\" src=\"https:\/\/zem-zem.at\/wp-content\/uploads\/2025\/02\/bosnia-herzegovina-sarajevo-96fdbd.jpg\" width=\"1024\" height=\"739\" srcset=\"https:\/\/zem-zem.at\/wp-content\/uploads\/2025\/02\/bosnia-herzegovina-sarajevo-96fdbd.jpg 1024w, https:\/\/zem-zem.at\/wp-content\/uploads\/2025\/02\/bosnia-herzegovina-sarajevo-96fdbd-300x217.jpg 300w, https:\/\/zem-zem.at\/wp-content\/uploads\/2025\/02\/bosnia-herzegovina-sarajevo-96fdbd-768x554.jpg 768w, https:\/\/zem-zem.at\/wp-content\/uploads\/2025\/02\/bosnia-herzegovina-sarajevo-96fdbd-18x12.jpg 18w\" sizes=\"auto, (max-width: 1024px) 100vw, 1024px\">\n          \n                  <\/figure>\n      <\/a>\n\n                \n      <a class=\"ee-gallery-item ee-gallery-item--image ee-gallery-item--single\" href=\"https:\/\/zem-zem.at\/wp-content\/uploads\/2025\/02\/sarajevo-turkenviertal-bosnia-austro-hungary-wdl2635-6b3757.png\"  data-sub-html=\"<span><\/span>\" data-category=\"1\"                  data-lg-size=\"1024-771\"\n\n      >\n        <figure class=\"ee-gallery-item-figure\">\n                        <img loading=\"lazy\" decoding=\"async\" class=\"breakdance-image-object\" src=\"https:\/\/zem-zem.at\/wp-content\/uploads\/2025\/02\/sarajevo-turkenviertal-bosnia-austro-hungary-wdl2635-6b3757.png\" width=\"1024\" height=\"771\" srcset=\"https:\/\/zem-zem.at\/wp-content\/uploads\/2025\/02\/sarajevo-turkenviertal-bosnia-austro-hungary-wdl2635-6b3757.png 1024w, https:\/\/zem-zem.at\/wp-content\/uploads\/2025\/02\/sarajevo-turkenviertal-bosnia-austro-hungary-wdl2635-6b3757-300x226.png 300w, https:\/\/zem-zem.at\/wp-content\/uploads\/2025\/02\/sarajevo-turkenviertal-bosnia-austro-hungary-wdl2635-6b3757-768x578.png 768w, https:\/\/zem-zem.at\/wp-content\/uploads\/2025\/02\/sarajevo-turkenviertal-bosnia-austro-hungary-wdl2635-6b3757-16x12.png 16w\" sizes=\"auto, (max-width: 1024px) 100vw, 1024px\">\n          \n                  <\/figure>\n      <\/a>\n\n                \n      <a class=\"ee-gallery-item ee-gallery-item--image ee-gallery-item--single\" href=\"https:\/\/zem-zem.at\/wp-content\/uploads\/2025\/02\/bosnia-herzegovina-sarajevo-3-4a1372.jpg\"  data-sub-html=\"<span><\/span>\" data-category=\"1\"                  data-lg-size=\"830-1024\"\n\n      >\n        <figure class=\"ee-gallery-item-figure\">\n                        <img loading=\"lazy\" decoding=\"async\" class=\"breakdance-image-object\" src=\"https:\/\/zem-zem.at\/wp-content\/uploads\/2025\/02\/bosnia-herzegovina-sarajevo-3-4a1372.jpg\" width=\"830\" height=\"1024\" srcset=\"https:\/\/zem-zem.at\/wp-content\/uploads\/2025\/02\/bosnia-herzegovina-sarajevo-3-4a1372.jpg 830w, https:\/\/zem-zem.at\/wp-content\/uploads\/2025\/02\/bosnia-herzegovina-sarajevo-3-4a1372-243x300.jpg 243w, https:\/\/zem-zem.at\/wp-content\/uploads\/2025\/02\/bosnia-herzegovina-sarajevo-3-4a1372-768x948.jpg 768w, https:\/\/zem-zem.at\/wp-content\/uploads\/2025\/02\/bosnia-herzegovina-sarajevo-3-4a1372-10x12.jpg 10w\" sizes=\"auto, (max-width: 830px) 100vw, 830px\">\n          \n                  <\/figure>\n      <\/a>\n\n      \n  <\/div>\n\n\n\n<\/div>\n<\/div><\/div><\/div>\n<\/section><section class=\"bde-section-786-128 bde-section\">\n  \n  \n\t\n\n\n\n<div class=\"section-container\"><h1 class=\"bde-heading-786-129 bde-heading\">\nDownlaods\n<\/h1><div class=\"bde-post-loop-786-130 bde-post-loop\"><div class=\"bde-loop bde-loop-grid ee-posts ee-posts-grid\">    <article class=\"bde-loop-item ee-post\">\n        <div class=\"bde-div-1443-100-1452-1443-1 bde-div bde-div-1443-100\">\n  \n  \n\t\n\n\n\n\n<\/div>    <\/article>\n    <article class=\"bde-loop-item ee-post\">\n        <div class=\"bde-div-1443-100-1457-1443-1 bde-div bde-div-1443-100\">\n  \n  \n\t\n\n\n\n\n<\/div>    <\/article>\n<\/div>\r\n<\/div><\/div>\n<\/section>","protected":false},"excerpt":{"rendered":"<p>Bosniakische Wurzelnbewahren und leben Kultur Ein Erbe voller Geschichte und Vielfalt Die bosniakische Kultur ist das Ergebnis eines einzigartigen Zusammenspiels zwischen orientalischen, europ\u00e4ischen und balkanischen Einfl\u00fcssen. Sie vereint Elemente aus verschiedenen historischen Epochen \u2013 von der mittelalterlichen bosnischen Staatlichkeit \u00fcber das Osmanische Reich bis hin zur modernen Zeit. Ein Land voller kultureller Sch\u00e4tzeBosnien und Herzegowina [&hellip;]<\/p>","protected":false},"author":1,"featured_media":0,"parent":0,"menu_order":3,"comment_status":"closed","ping_status":"closed","template":"","meta":{"_acf_changed":false,"_breakdance_hide_in_design_set":false,"_breakdance_tags":"","iawp_total_views":106},"class_list":["post-786","page","type-page","status-publish","hentry"],"acf":[],"_links":{"self":[{"href":"https:\/\/zem-zem.at\/bs\/wp-json\/wp\/v2\/pages\/786","targetHints":{"allow":["GET"]}}],"collection":[{"href":"https:\/\/zem-zem.at\/bs\/wp-json\/wp\/v2\/pages"}],"about":[{"href":"https:\/\/zem-zem.at\/bs\/wp-json\/wp\/v2\/types\/page"}],"author":[{"embeddable":true,"href":"https:\/\/zem-zem.at\/bs\/wp-json\/wp\/v2\/users\/1"}],"replies":[{"embeddable":true,"href":"https:\/\/zem-zem.at\/bs\/wp-json\/wp\/v2\/comments?post=786"}],"version-history":[{"count":5,"href":"https:\/\/zem-zem.at\/bs\/wp-json\/wp\/v2\/pages\/786\/revisions"}],"predecessor-version":[{"id":1576,"href":"https:\/\/zem-zem.at\/bs\/wp-json\/wp\/v2\/pages\/786\/revisions\/1576"}],"wp:attachment":[{"href":"https:\/\/zem-zem.at\/bs\/wp-json\/wp\/v2\/media?parent=786"}],"curies":[{"name":"wp","href":"https:\/\/api.w.org\/{rel}","templated":true}]}}