{"id":792,"date":"2025-01-30T17:58:29","date_gmt":"2025-01-30T16:58:29","guid":{"rendered":"https:\/\/zem-zem.at\/?page_id=792"},"modified":"2025-02-03T02:56:41","modified_gmt":"2025-02-03T01:56:41","slug":"kuran","status":"publish","type":"page","link":"https:\/\/zem-zem.at\/bs\/kuran\/","title":{"rendered":"Kur'an"},"content":{"rendered":"<section class=\"bde-section-792-112 bde-section bde-preset-4fb5b650-a86a-4d74-8356-2fc8dd534f7d\">\n              \n  \n  \n\t\n\n\n\n<div class=\"section-container\"><h1 class=\"bde-heading-792-113 bde-heading bde-preset-19ec90ca-a111-4be3-83ca-72adc7b1cb5c\">\nSveta knjiga islama\n<\/h1><div class=\"bde-text-792-114 bde-text bde-preset-0a5ff931-c030-4cc4-aa9b-8abb3a0fb954\">\nKur'an\n<\/div><\/div>\n<\/section><section class=\"bde-section-792-117 bde-section\">\n  \n  \n\t\n\n\n\n<div class=\"section-container\"><h1 class=\"bde-heading-792-118 bde-heading\">\nBo\u017eija neiskrivljena objava\n<\/h1><div class=\"bde-rich-text-792-119 bde-rich-text breakdance-rich-text-styles\">\n<p class=\"translation-block\">Plemeniti Kur'an je sveta Bo\u017eija rije\u010d, objavljena Njegovom poslaniku Muhammedu, alejhi selam, preko meleka D\u017eibrila. Pojam \"Kur'an\" (Qur'an) poti\u010de od arapskog glagola <em>qara\u2019a<\/em>, \u0161to zna\u010di \"ono \u0161to se u\u010di i \u010dita\". Kao posljednja objava, Kur'an predstavlja sredi\u0161nji izvor zakona i upute za islamski na\u010din \u017eivota.<\/p>\n<p class=\"translation-block\">Kur'an je podijeljen na 114 sura (poglavlja), koje sadr\u017ee razli\u010dit broj ajeta (stihova). Pored propisanih zakona i uputa, u Kur'anu se nalaze i kazivanja o prija\u0161njim narodima, mudrosti poslanika i opisi Ahireta (onoga svijeta). Njegova jezi\u010dka ljepota i dubina sadr\u017eaja smatraju se Bo\u017eijim \u010dudom, a sam Kur'an je \u2013 uprkos tome \u0161to je objavljivan tokom 23 godine \u2013 do danas ostao nepromijenjen. Kao \u0161to Uzvi\u0161eni Allah ka\u017ee u Kur'anu: \u201eMi, uistinu, Kur'an objavljujemo i zaista \u0107emo Mi nad njim bdjeti!\u201c (Kur'an, 15:9)<\/p>\n<p>Ovaj jedinstveni tekst usmjerava muslimane ka uzornom na\u010dinu \u017eivota i potvr\u0111uje jedinstvo i svemo\u0107 Allaha.\n\nU nastavku slijedi pregled svih sura Kur'ana.<\/p>\n<\/div><\/div>\n<\/section><section class=\"bde-section-792-116 bde-section\">\n  \n  \n\t\n\n\n\n<div class=\"section-container\"><div class=\"bde-post-loop-792-120 bde-post-loop\"><div class=\"bde-loop bde-loop-grid ee-posts ee-posts-grid\">    <article class=\"bde-loop-item ee-post\">\n        <div class=\"bde-div-1374-100-2133-1374-1 bde-div bde-div-1374-100\">\n  \n  \n\t\n\n\n\n\n<\/div>    <\/article>\n    <article class=\"bde-loop-item ee-post\">\n        <div class=\"bde-div-1374-100-2134-1374-1 bde-div bde-div-1374-100\">\n  \n  \n\t\n\n\n\n\n<\/div>    <\/article>\n    <article class=\"bde-loop-item ee-post\">\n        <div class=\"bde-div-1374-100-2135-1374-1 bde-div bde-div-1374-100\">\n  \n  \n\t\n\n\n\n\n<\/div>    <\/article>\n    <article class=\"bde-loop-item ee-post\">\n        <div class=\"bde-div-1374-100-2136-1374-1 bde-div bde-div-1374-100\">\n  \n  \n\t\n\n\n\n\n<\/div>    <\/article>\n    <article class=\"bde-loop-item ee-post\">\n        <div class=\"bde-div-1374-100-2137-1374-1 bde-div bde-div-1374-100\">\n  \n  \n\t\n\n\n\n\n<\/div>    <\/article>\n    <article class=\"bde-loop-item ee-post\">\n        <div class=\"bde-div-1374-100-2138-1374-1 bde-div bde-div-1374-100\">\n  \n  \n\t\n\n\n\n\n<\/div>    <\/article>\n    <article class=\"bde-loop-item ee-post\">\n        <div class=\"bde-div-1374-100-2139-1374-1 bde-div bde-div-1374-100\">\n  \n  \n\t\n\n\n\n\n<\/div>    <\/article>\n    <article class=\"bde-loop-item ee-post\">\n        <div class=\"bde-div-1374-100-2140-1374-1 bde-div bde-div-1374-100\">\n  \n  \n\t\n\n\n\n\n<\/div>    <\/article>\n    <article class=\"bde-loop-item ee-post\">\n        <div class=\"bde-div-1374-100-2141-1374-1 bde-div bde-div-1374-100\">\n  \n  \n\t\n\n\n\n\n<\/div>    <\/article>\n    <article class=\"bde-loop-item ee-post\">\n        <div class=\"bde-div-1374-100-2142-1374-1 bde-div bde-div-1374-100\">\n  \n  \n\t\n\n\n\n\n<\/div>    <\/article>\n    <article class=\"bde-loop-item ee-post\">\n        <div class=\"bde-div-1374-100-2143-1374-1 bde-div bde-div-1374-100\">\n  \n  \n\t\n\n\n\n\n<\/div>    <\/article>\n    <article class=\"bde-loop-item ee-post\">\n        <div class=\"bde-div-1374-100-2144-1374-1 bde-div bde-div-1374-100\">\n  \n  \n\t\n\n\n\n\n<\/div>    <\/article>\n    <article class=\"bde-loop-item ee-post\">\n        <div class=\"bde-div-1374-100-2145-1374-1 bde-div bde-div-1374-100\">\n  \n  \n\t\n\n\n\n\n<\/div>    <\/article>\n    <article class=\"bde-loop-item ee-post\">\n        <div class=\"bde-div-1374-100-2146-1374-1 bde-div bde-div-1374-100\">\n  \n  \n\t\n\n\n\n\n<\/div>    <\/article>\n    <article class=\"bde-loop-item ee-post\">\n        <div class=\"bde-div-1374-100-2147-1374-1 bde-div bde-div-1374-100\">\n  \n  \n\t\n\n\n\n\n<\/div>    <\/article>\n    <article class=\"bde-loop-item ee-post\">\n        <div class=\"bde-div-1374-100-2148-1374-1 bde-div bde-div-1374-100\">\n  \n  \n\t\n\n\n\n\n<\/div>    <\/article>\n    <article class=\"bde-loop-item ee-post\">\n        <div class=\"bde-div-1374-100-2149-1374-1 bde-div bde-div-1374-100\">\n  \n  \n\t\n\n\n\n\n<\/div>    <\/article>\n    <article class=\"bde-loop-item ee-post\">\n        <div class=\"bde-div-1374-100-2150-1374-1 bde-div bde-div-1374-100\">\n  \n  \n\t\n\n\n\n\n<\/div>    <\/article>\n    <article class=\"bde-loop-item ee-post\">\n        <div class=\"bde-div-1374-100-2151-1374-1 bde-div bde-div-1374-100\">\n  \n  \n\t\n\n\n\n\n<\/div>    <\/article>\n    <article class=\"bde-loop-item ee-post\">\n        <div class=\"bde-div-1374-100-2152-1374-1 bde-div bde-div-1374-100\">\n  \n  \n\t\n\n\n\n\n<\/div>    <\/article>\n    <article class=\"bde-loop-item ee-post\">\n        <div class=\"bde-div-1374-100-2153-1374-1 bde-div bde-div-1374-100\">\n  \n  \n\t\n\n\n\n\n<\/div>    <\/article>\n    <article class=\"bde-loop-item ee-post\">\n        <div class=\"bde-div-1374-100-2154-1374-1 bde-div bde-div-1374-100\">\n  \n  \n\t\n\n\n\n\n<\/div>    <\/article>\n    <article class=\"bde-loop-item ee-post\">\n        <div class=\"bde-div-1374-100-2155-1374-1 bde-div bde-div-1374-100\">\n  \n  \n\t\n\n\n\n\n<\/div>    <\/article>\n    <article class=\"bde-loop-item ee-post\">\n        <div class=\"bde-div-1374-100-2156-1374-1 bde-div bde-div-1374-100\">\n  \n  \n\t\n\n\n\n\n<\/div>    <\/article>\n    <article class=\"bde-loop-item ee-post\">\n        <div class=\"bde-div-1374-100-2157-1374-1 bde-div bde-div-1374-100\">\n  \n  \n\t\n\n\n\n\n<\/div>    <\/article>\n    <article class=\"bde-loop-item ee-post\">\n        <div class=\"bde-div-1374-100-2158-1374-1 bde-div bde-div-1374-100\">\n  \n  \n\t\n\n\n\n\n<\/div>    <\/article>\n    <article class=\"bde-loop-item ee-post\">\n        <div class=\"bde-div-1374-100-2159-1374-1 bde-div bde-div-1374-100\">\n  \n  \n\t\n\n\n\n\n<\/div>    <\/article>\n    <article class=\"bde-loop-item ee-post\">\n        <div class=\"bde-div-1374-100-2160-1374-1 bde-div bde-div-1374-100\">\n  \n  \n\t\n\n\n\n\n<\/div>    <\/article>\n    <article class=\"bde-loop-item ee-post\">\n        <div class=\"bde-div-1374-100-2161-1374-1 bde-div bde-div-1374-100\">\n  \n  \n\t\n\n\n\n\n<\/div>    <\/article>\n    <article class=\"bde-loop-item ee-post\">\n        <div class=\"bde-div-1374-100-2162-1374-1 bde-div bde-div-1374-100\">\n  \n  \n\t\n\n\n\n\n<\/div>    <\/article>\n    <article class=\"bde-loop-item ee-post\">\n        <div class=\"bde-div-1374-100-2163-1374-1 bde-div bde-div-1374-100\">\n  \n  \n\t\n\n\n\n\n<\/div>    <\/article>\n    <article class=\"bde-loop-item ee-post\">\n        <div class=\"bde-div-1374-100-2164-1374-1 bde-div bde-div-1374-100\">\n  \n  \n\t\n\n\n\n\n<\/div>    <\/article>\n    <article class=\"bde-loop-item ee-post\">\n        <div class=\"bde-div-1374-100-2165-1374-1 bde-div bde-div-1374-100\">\n  \n  \n\t\n\n\n\n\n<\/div>    <\/article>\n    <article class=\"bde-loop-item ee-post\">\n        <div class=\"bde-div-1374-100-2166-1374-1 bde-div bde-div-1374-100\">\n  \n  \n\t\n\n\n\n\n<\/div>    <\/article>\n    <article class=\"bde-loop-item ee-post\">\n        <div class=\"bde-div-1374-100-2167-1374-1 bde-div bde-div-1374-100\">\n  \n  \n\t\n\n\n\n\n<\/div>    <\/article>\n    <article class=\"bde-loop-item ee-post\">\n        <div class=\"bde-div-1374-100-2168-1374-1 bde-div bde-div-1374-100\">\n  \n  \n\t\n\n\n\n\n<\/div>    <\/article>\n    <article class=\"bde-loop-item ee-post\">\n        <div class=\"bde-div-1374-100-2169-1374-1 bde-div bde-div-1374-100\">\n  \n  \n\t\n\n\n\n\n<\/div>    <\/article>\n    <article class=\"bde-loop-item ee-post\">\n        <div class=\"bde-div-1374-100-2170-1374-1 bde-div bde-div-1374-100\">\n  \n  \n\t\n\n\n\n\n<\/div>    <\/article>\n    <article class=\"bde-loop-item ee-post\">\n        <div class=\"bde-div-1374-100-2171-1374-1 bde-div bde-div-1374-100\">\n  \n  \n\t\n\n\n\n\n<\/div>    <\/article>\n    <article class=\"bde-loop-item ee-post\">\n        <div class=\"bde-div-1374-100-2172-1374-1 bde-div bde-div-1374-100\">\n  \n  \n\t\n\n\n\n\n<\/div>    <\/article>\n    <article class=\"bde-loop-item ee-post\">\n        <div class=\"bde-div-1374-100-2173-1374-1 bde-div bde-div-1374-100\">\n  \n  \n\t\n\n\n\n\n<\/div>    <\/article>\n    <article class=\"bde-loop-item ee-post\">\n        <div class=\"bde-div-1374-100-2174-1374-1 bde-div bde-div-1374-100\">\n  \n  \n\t\n\n\n\n\n<\/div>    <\/article>\n    <article class=\"bde-loop-item ee-post\">\n        <div class=\"bde-div-1374-100-2175-1374-1 bde-div bde-div-1374-100\">\n  \n  \n\t\n\n\n\n\n<\/div>    <\/article>\n    <article class=\"bde-loop-item ee-post\">\n        <div class=\"bde-div-1374-100-2176-1374-1 bde-div bde-div-1374-100\">\n  \n  \n\t\n\n\n\n\n<\/div>    <\/article>\n    <article class=\"bde-loop-item ee-post\">\n        <div class=\"bde-div-1374-100-2177-1374-1 bde-div bde-div-1374-100\">\n  \n  \n\t\n\n\n\n\n<\/div>    <\/article>\n    <article class=\"bde-loop-item ee-post\">\n        <div class=\"bde-div-1374-100-2178-1374-1 bde-div bde-div-1374-100\">\n  \n  \n\t\n\n\n\n\n<\/div>    <\/article>\n    <article class=\"bde-loop-item ee-post\">\n        <div class=\"bde-div-1374-100-2179-1374-1 bde-div bde-div-1374-100\">\n  \n  \n\t\n\n\n\n\n<\/div>    <\/article>\n    <article class=\"bde-loop-item ee-post\">\n        <div class=\"bde-div-1374-100-2180-1374-1 bde-div bde-div-1374-100\">\n  \n  \n\t\n\n\n\n\n<\/div>    <\/article>\n    <article class=\"bde-loop-item ee-post\">\n        <div class=\"bde-div-1374-100-2181-1374-1 bde-div bde-div-1374-100\">\n  \n  \n\t\n\n\n\n\n<\/div>    <\/article>\n    <article class=\"bde-loop-item ee-post\">\n        <div class=\"bde-div-1374-100-2182-1374-1 bde-div bde-div-1374-100\">\n  \n  \n\t\n\n\n\n\n<\/div>    <\/article>\n    <article class=\"bde-loop-item ee-post\">\n        <div class=\"bde-div-1374-100-2183-1374-1 bde-div bde-div-1374-100\">\n  \n  \n\t\n\n\n\n\n<\/div>    <\/article>\n    <article class=\"bde-loop-item ee-post\">\n        <div class=\"bde-div-1374-100-2184-1374-1 bde-div bde-div-1374-100\">\n  \n  \n\t\n\n\n\n\n<\/div>    <\/article>\n    <article class=\"bde-loop-item ee-post\">\n        <div class=\"bde-div-1374-100-2185-1374-1 bde-div bde-div-1374-100\">\n  \n  \n\t\n\n\n\n\n<\/div>    <\/article>\n    <article class=\"bde-loop-item ee-post\">\n        <div class=\"bde-div-1374-100-2186-1374-1 bde-div bde-div-1374-100\">\n  \n  \n\t\n\n\n\n\n<\/div>    <\/article>\n    <article class=\"bde-loop-item ee-post\">\n        <div class=\"bde-div-1374-100-2187-1374-1 bde-div bde-div-1374-100\">\n  \n  \n\t\n\n\n\n\n<\/div>    <\/article>\n    <article class=\"bde-loop-item ee-post\">\n        <div class=\"bde-div-1374-100-2188-1374-1 bde-div bde-div-1374-100\">\n  \n  \n\t\n\n\n\n\n<\/div>    <\/article>\n    <article class=\"bde-loop-item ee-post\">\n        <div class=\"bde-div-1374-100-2189-1374-1 bde-div bde-div-1374-100\">\n  \n  \n\t\n\n\n\n\n<\/div>    <\/article>\n    <article class=\"bde-loop-item ee-post\">\n        <div class=\"bde-div-1374-100-2190-1374-1 bde-div bde-div-1374-100\">\n  \n  \n\t\n\n\n\n\n<\/div>    <\/article>\n    <article class=\"bde-loop-item ee-post\">\n        <div class=\"bde-div-1374-100-2191-1374-1 bde-div bde-div-1374-100\">\n  \n  \n\t\n\n\n\n\n<\/div>    <\/article>\n    <article class=\"bde-loop-item ee-post\">\n        <div class=\"bde-div-1374-100-2192-1374-1 bde-div bde-div-1374-100\">\n  \n  \n\t\n\n\n\n\n<\/div>    <\/article>\n    <article class=\"bde-loop-item ee-post\">\n        <div class=\"bde-div-1374-100-2193-1374-1 bde-div bde-div-1374-100\">\n  \n  \n\t\n\n\n\n\n<\/div>    <\/article>\n    <article class=\"bde-loop-item ee-post\">\n        <div class=\"bde-div-1374-100-2194-1374-1 bde-div bde-div-1374-100\">\n  \n  \n\t\n\n\n\n\n<\/div>    <\/article>\n    <article class=\"bde-loop-item ee-post\">\n        <div class=\"bde-div-1374-100-2195-1374-1 bde-div bde-div-1374-100\">\n  \n  \n\t\n\n\n\n\n<\/div>    <\/article>\n    <article class=\"bde-loop-item ee-post\">\n        <div class=\"bde-div-1374-100-2196-1374-1 bde-div bde-div-1374-100\">\n  \n  \n\t\n\n\n\n\n<\/div>    <\/article>\n    <article class=\"bde-loop-item ee-post\">\n        <div class=\"bde-div-1374-100-2197-1374-1 bde-div bde-div-1374-100\">\n  \n  \n\t\n\n\n\n\n<\/div>    <\/article>\n    <article class=\"bde-loop-item ee-post\">\n        <div class=\"bde-div-1374-100-2198-1374-1 bde-div bde-div-1374-100\">\n  \n  \n\t\n\n\n\n\n<\/div>    <\/article>\n    <article class=\"bde-loop-item ee-post\">\n        <div class=\"bde-div-1374-100-2199-1374-1 bde-div bde-div-1374-100\">\n  \n  \n\t\n\n\n\n\n<\/div>    <\/article>\n    <article class=\"bde-loop-item ee-post\">\n        <div class=\"bde-div-1374-100-2200-1374-1 bde-div bde-div-1374-100\">\n  \n  \n\t\n\n\n\n\n<\/div>    <\/article>\n    <article class=\"bde-loop-item ee-post\">\n        <div class=\"bde-div-1374-100-2201-1374-1 bde-div bde-div-1374-100\">\n  \n  \n\t\n\n\n\n\n<\/div>    <\/article>\n    <article class=\"bde-loop-item ee-post\">\n        <div class=\"bde-div-1374-100-2202-1374-1 bde-div bde-div-1374-100\">\n  \n  \n\t\n\n\n\n\n<\/div>    <\/article>\n    <article class=\"bde-loop-item ee-post\">\n        <div class=\"bde-div-1374-100-2203-1374-1 bde-div bde-div-1374-100\">\n  \n  \n\t\n\n\n\n\n<\/div>    <\/article>\n    <article class=\"bde-loop-item ee-post\">\n        <div class=\"bde-div-1374-100-2204-1374-1 bde-div bde-div-1374-100\">\n  \n  \n\t\n\n\n\n\n<\/div>    <\/article>\n    <article class=\"bde-loop-item ee-post\">\n        <div class=\"bde-div-1374-100-2205-1374-1 bde-div bde-div-1374-100\">\n  \n  \n\t\n\n\n\n\n<\/div>    <\/article>\n    <article class=\"bde-loop-item ee-post\">\n        <div class=\"bde-div-1374-100-2206-1374-1 bde-div bde-div-1374-100\">\n  \n  \n\t\n\n\n\n\n<\/div>    <\/article>\n    <article class=\"bde-loop-item ee-post\">\n        <div class=\"bde-div-1374-100-2207-1374-1 bde-div bde-div-1374-100\">\n  \n  \n\t\n\n\n\n\n<\/div>    <\/article>\n    <article class=\"bde-loop-item ee-post\">\n        <div class=\"bde-div-1374-100-2208-1374-1 bde-div bde-div-1374-100\">\n  \n  \n\t\n\n\n\n\n<\/div>    <\/article>\n    <article class=\"bde-loop-item ee-post\">\n        <div class=\"bde-div-1374-100-2209-1374-1 bde-div bde-div-1374-100\">\n  \n  \n\t\n\n\n\n\n<\/div>    <\/article>\n    <article class=\"bde-loop-item ee-post\">\n        <div class=\"bde-div-1374-100-2210-1374-1 bde-div bde-div-1374-100\">\n  \n  \n\t\n\n\n\n\n<\/div>    <\/article>\n    <article class=\"bde-loop-item ee-post\">\n        <div class=\"bde-div-1374-100-2211-1374-1 bde-div bde-div-1374-100\">\n  \n  \n\t\n\n\n\n\n<\/div>    <\/article>\n    <article class=\"bde-loop-item ee-post\">\n        <div class=\"bde-div-1374-100-2212-1374-1 bde-div bde-div-1374-100\">\n  \n  \n\t\n\n\n\n\n<\/div>    <\/article>\n    <article class=\"bde-loop-item ee-post\">\n        <div class=\"bde-div-1374-100-2213-1374-1 bde-div bde-div-1374-100\">\n  \n  \n\t\n\n\n\n\n<\/div>    <\/article>\n    <article class=\"bde-loop-item ee-post\">\n        <div class=\"bde-div-1374-100-2214-1374-1 bde-div bde-div-1374-100\">\n  \n  \n\t\n\n\n\n\n<\/div>    <\/article>\n    <article class=\"bde-loop-item ee-post\">\n        <div class=\"bde-div-1374-100-2215-1374-1 bde-div bde-div-1374-100\">\n  \n  \n\t\n\n\n\n\n<\/div>    <\/article>\n    <article class=\"bde-loop-item ee-post\">\n        <div class=\"bde-div-1374-100-2216-1374-1 bde-div bde-div-1374-100\">\n  \n  \n\t\n\n\n\n\n<\/div>    <\/article>\n    <article class=\"bde-loop-item ee-post\">\n        <div class=\"bde-div-1374-100-2217-1374-1 bde-div bde-div-1374-100\">\n  \n  \n\t\n\n\n\n\n<\/div>    <\/article>\n    <article class=\"bde-loop-item ee-post\">\n        <div class=\"bde-div-1374-100-2218-1374-1 bde-div bde-div-1374-100\">\n  \n  \n\t\n\n\n\n\n<\/div>    <\/article>\n    <article class=\"bde-loop-item ee-post\">\n        <div class=\"bde-div-1374-100-2219-1374-1 bde-div bde-div-1374-100\">\n  \n  \n\t\n\n\n\n\n<\/div>    <\/article>\n    <article class=\"bde-loop-item ee-post\">\n        <div class=\"bde-div-1374-100-2220-1374-1 bde-div bde-div-1374-100\">\n  \n  \n\t\n\n\n\n\n<\/div>    <\/article>\n    <article class=\"bde-loop-item ee-post\">\n        <div class=\"bde-div-1374-100-2221-1374-1 bde-div bde-div-1374-100\">\n  \n  \n\t\n\n\n\n\n<\/div>    <\/article>\n    <article class=\"bde-loop-item ee-post\">\n        <div class=\"bde-div-1374-100-2222-1374-1 bde-div bde-div-1374-100\">\n  \n  \n\t\n\n\n\n\n<\/div>    <\/article>\n    <article class=\"bde-loop-item ee-post\">\n        <div class=\"bde-div-1374-100-2223-1374-1 bde-div bde-div-1374-100\">\n  \n  \n\t\n\n\n\n\n<\/div>    <\/article>\n    <article class=\"bde-loop-item ee-post\">\n        <div class=\"bde-div-1374-100-2224-1374-1 bde-div bde-div-1374-100\">\n  \n  \n\t\n\n\n\n\n<\/div>    <\/article>\n    <article class=\"bde-loop-item ee-post\">\n        <div class=\"bde-div-1374-100-2225-1374-1 bde-div bde-div-1374-100\">\n  \n  \n\t\n\n\n\n\n<\/div>    <\/article>\n    <article class=\"bde-loop-item ee-post\">\n        <div class=\"bde-div-1374-100-2226-1374-1 bde-div bde-div-1374-100\">\n  \n  \n\t\n\n\n\n\n<\/div>    <\/article>\n    <article class=\"bde-loop-item ee-post\">\n        <div class=\"bde-div-1374-100-2227-1374-1 bde-div bde-div-1374-100\">\n  \n  \n\t\n\n\n\n\n<\/div>    <\/article>\n    <article class=\"bde-loop-item ee-post\">\n        <div class=\"bde-div-1374-100-2228-1374-1 bde-div bde-div-1374-100\">\n  \n  \n\t\n\n\n\n\n<\/div>    <\/article>\n    <article class=\"bde-loop-item ee-post\">\n        <div class=\"bde-div-1374-100-2229-1374-1 bde-div bde-div-1374-100\">\n  \n  \n\t\n\n\n\n\n<\/div>    <\/article>\n    <article class=\"bde-loop-item ee-post\">\n        <div class=\"bde-div-1374-100-2230-1374-1 bde-div bde-div-1374-100\">\n  \n  \n\t\n\n\n\n\n<\/div>    <\/article>\n    <article class=\"bde-loop-item ee-post\">\n        <div class=\"bde-div-1374-100-2231-1374-1 bde-div bde-div-1374-100\">\n  \n  \n\t\n\n\n\n\n<\/div>    <\/article>\n    <article class=\"bde-loop-item ee-post\">\n        <div class=\"bde-div-1374-100-2232-1374-1 bde-div bde-div-1374-100\">\n  \n  \n\t\n\n\n\n\n<\/div>    <\/article>\n    <article class=\"bde-loop-item ee-post\">\n        <div class=\"bde-div-1374-100-2233-1374-1 bde-div bde-div-1374-100\">\n  \n  \n\t\n\n\n\n\n<\/div>    <\/article>\n    <article class=\"bde-loop-item ee-post\">\n        <div class=\"bde-div-1374-100-2234-1374-1 bde-div bde-div-1374-100\">\n  \n  \n\t\n\n\n\n\n<\/div>    <\/article>\n    <article class=\"bde-loop-item ee-post\">\n        <div class=\"bde-div-1374-100-2235-1374-1 bde-div bde-div-1374-100\">\n  \n  \n\t\n\n\n\n\n<\/div>    <\/article>\n    <article class=\"bde-loop-item ee-post\">\n        <div class=\"bde-div-1374-100-2236-1374-1 bde-div bde-div-1374-100\">\n  \n  \n\t\n\n\n\n\n<\/div>    <\/article>\n    <article class=\"bde-loop-item ee-post\">\n        <div class=\"bde-div-1374-100-2237-1374-1 bde-div bde-div-1374-100\">\n  \n  \n\t\n\n\n\n\n<\/div>    <\/article>\n    <article class=\"bde-loop-item ee-post\">\n        <div class=\"bde-div-1374-100-2238-1374-1 bde-div bde-div-1374-100\">\n  \n  \n\t\n\n\n\n\n<\/div>    <\/article>\n    <article class=\"bde-loop-item ee-post\">\n        <div class=\"bde-div-1374-100-2239-1374-1 bde-div bde-div-1374-100\">\n  \n  \n\t\n\n\n\n\n<\/div>    <\/article>\n    <article class=\"bde-loop-item ee-post\">\n        <div class=\"bde-div-1374-100-2240-1374-1 bde-div bde-div-1374-100\">\n  \n  \n\t\n\n\n\n\n<\/div>    <\/article>\n    <article class=\"bde-loop-item ee-post\">\n        <div class=\"bde-div-1374-100-2241-1374-1 bde-div bde-div-1374-100\">\n  \n  \n\t\n\n\n\n\n<\/div>    <\/article>\n    <article class=\"bde-loop-item ee-post\">\n        <div class=\"bde-div-1374-100-2242-1374-1 bde-div bde-div-1374-100\">\n  \n  \n\t\n\n\n\n\n<\/div>    <\/article>\n    <article class=\"bde-loop-item ee-post\">\n        <div class=\"bde-div-1374-100-2243-1374-1 bde-div bde-div-1374-100\">\n  \n  \n\t\n\n\n\n\n<\/div>    <\/article>\n    <article class=\"bde-loop-item ee-post\">\n        <div class=\"bde-div-1374-100-2244-1374-1 bde-div bde-div-1374-100\">\n  \n  \n\t\n\n\n\n\n<\/div>    <\/article>\n    <article class=\"bde-loop-item ee-post\">\n        <div class=\"bde-div-1374-100-2245-1374-1 bde-div bde-div-1374-100\">\n  \n  \n\t\n\n\n\n\n<\/div>    <\/article>\n    <article class=\"bde-loop-item ee-post\">\n        <div class=\"bde-div-1374-100-2246-1374-1 bde-div bde-div-1374-100\">\n  \n  \n\t\n\n\n\n\n<\/div>    <\/article>\n<\/div>\r\n<\/div><\/div>\n<\/section>","protected":false},"excerpt":{"rendered":"<p>Die heilige Schrift des Islams Kuran Gottes unverf\u00e4lschte Offenbarung Der edle Kuran ist das heilige Wort Gottes, das seinem Propheten Muhammad (Allahs Segen und Friede seien mit ihm) durch den Engel Gabriel offenbart wurde. Der Begriff \u201eKuran\u201c (Qur&#8217;an) leitet sich vom arabischen Verb qara\u2019a ab und bedeutet \u201edas Gelesene\u201c. Als letzte Offenbarung bildet er die [&hellip;]<\/p>","protected":false},"author":1,"featured_media":0,"parent":0,"menu_order":6,"comment_status":"closed","ping_status":"closed","template":"","meta":{"_acf_changed":false,"_breakdance_hide_in_design_set":false,"_breakdance_tags":"","iawp_total_views":177},"class_list":["post-792","page","type-page","status-publish","hentry"],"acf":[],"_links":{"self":[{"href":"https:\/\/zem-zem.at\/bs\/wp-json\/wp\/v2\/pages\/792","targetHints":{"allow":["GET"]}}],"collection":[{"href":"https:\/\/zem-zem.at\/bs\/wp-json\/wp\/v2\/pages"}],"about":[{"href":"https:\/\/zem-zem.at\/bs\/wp-json\/wp\/v2\/types\/page"}],"author":[{"embeddable":true,"href":"https:\/\/zem-zem.at\/bs\/wp-json\/wp\/v2\/users\/1"}],"replies":[{"embeddable":true,"href":"https:\/\/zem-zem.at\/bs\/wp-json\/wp\/v2\/comments?post=792"}],"version-history":[{"count":5,"href":"https:\/\/zem-zem.at\/bs\/wp-json\/wp\/v2\/pages\/792\/revisions"}],"predecessor-version":[{"id":1438,"href":"https:\/\/zem-zem.at\/bs\/wp-json\/wp\/v2\/pages\/792\/revisions\/1438"}],"wp:attachment":[{"href":"https:\/\/zem-zem.at\/bs\/wp-json\/wp\/v2\/media?parent=792"}],"curies":[{"name":"wp","href":"https:\/\/api.w.org\/{rel}","templated":true}]}}