{"id":794,"date":"2025-01-30T17:58:39","date_gmt":"2025-01-30T16:58:39","guid":{"rendered":"https:\/\/zem-zem.at\/?page_id=794"},"modified":"2025-02-03T22:43:55","modified_gmt":"2025-02-03T21:43:55","slug":"freitagspredigt","status":"publish","type":"page","link":"https:\/\/zem-zem.at\/bs\/freitagspredigt\/","title":{"rendered":"Hutba"},"content":{"rendered":"<section class=\"bde-section-794-112 bde-section bde-preset-4fb5b650-a86a-4d74-8356-2fc8dd534f7d\">\n              \n  \n  \n\t\n\n\n\n<div class=\"section-container\"><h1 class=\"bde-heading-794-113 bde-heading bde-preset-19ec90ca-a111-4be3-83ca-72adc7b1cb5c translation-block\">Sedmi\u010dno uputstvo<br>za srce i razum<\/h1><div class=\"bde-text-794-114 bde-text bde-preset-0a5ff931-c030-4cc4-aa9b-8abb3a0fb954\">\nHutba\n<\/div><\/div>\n<\/section><section class=\"bde-section-794-115 bde-section\">\n  \n  \n\t\n\n\n\n<div class=\"section-container\"><div class=\"bde-columns-794-116 bde-columns\"><div class=\"bde-column-794-117 bde-column\">\n  \n  \n\t\n\n\n\n<h2 class=\"bde-heading-794-118 bde-heading\">\n\u0160ta je hutba?\n<\/h2><div class=\"bde-rich-text-794-119 bde-rich-text breakdance-rich-text-styles\">\n<p class=\"translation-block\"><strong>Hutba<\/strong> je <strong>sedmi\u010dna propovijed<\/strong> koja se odr\u017eava prije <strong>d\u017euma-namaza u d\u017eamiji<\/strong>. Ona je sastavni dio namaza i slu\u017ei kao duhovna i moralna uputa vjernicima.<\/p>\n<p>Tradicija d\u017euma-hutbe poti\u010de od Poslanika Muhammeda (\ufdfa), koji ju je koristio kako bi pou\u010davao zajednicu, ohrabrivao ljude i podsje\u0107ao ih na islamske vrijednosti.<\/p>\n<p>\ud83d\udd39 <strong>Cilj hutbe<\/strong><\/p>\n<ul>\n<li>Preno\u0161enje vjerskih i moralnih u\u010denja<\/li>\n<li>Podsje\u0107anje na bogobojaznost i ispravan \u017eivot<\/li>\n<li>Upozorenje na savremene dru\u0161tvene izazove<\/li>\n<li>Ja\u010danje zajednice kroz znanje i promi\u0161ljanje<\/li>\n<\/ul>\n<\/div>\n<\/div><div class=\"bde-column-794-120 bde-column\">\n  \n  \n\t\n\n\n\n<div class=\"bde-basicslider-794-121 bde-basicslider\">\n<div class=\"breakdance-swiper-wrapper\" data-swiper-id=\"121\">\n    <div class=\"swiper\">\n      <div class=\"swiper-wrapper\">\n      \n\t                    \n        <div class=\"swiper-slide\">\n          <div class=\"bde-basicslider__slide\">\n              <div class=\"bde-basicslider__content\">\n                                                <\/div>\n\n\t\t\t\t\t\t          <img loading=\"lazy\" decoding=\"async\" class=\"breakdance-image-object bde-basicslider__image\" src=\"https:\/\/zem-zem.at\/wp-content\/uploads\/2025\/02\/hatib1.jpg\" width=\"1080\" height=\"1440\" srcset=\"https:\/\/zem-zem.at\/wp-content\/uploads\/2025\/02\/hatib1.jpg 1080w, https:\/\/zem-zem.at\/wp-content\/uploads\/2025\/02\/hatib1-225x300.jpg 225w, https:\/\/zem-zem.at\/wp-content\/uploads\/2025\/02\/hatib1-768x1024.jpg 768w, https:\/\/zem-zem.at\/wp-content\/uploads\/2025\/02\/hatib1-9x12.jpg 9w\" sizes=\"auto, (max-width: 1080px) 100vw, 1080px\">\n\t\t\t\n          <\/div>\n        <\/div>\n       \n\t                    \n        <div class=\"swiper-slide\">\n          <div class=\"bde-basicslider__slide\">\n              <div class=\"bde-basicslider__content\">\n                                                <\/div>\n\n\t\t\t\t\t\t          <img loading=\"lazy\" decoding=\"async\" class=\"breakdance-image-object bde-basicslider__image\" src=\"https:\/\/zem-zem.at\/wp-content\/uploads\/2025\/02\/dzuma2.jpg\" width=\"1080\" height=\"810\" srcset=\"https:\/\/zem-zem.at\/wp-content\/uploads\/2025\/02\/dzuma2.jpg 1080w, https:\/\/zem-zem.at\/wp-content\/uploads\/2025\/02\/dzuma2-300x225.jpg 300w, https:\/\/zem-zem.at\/wp-content\/uploads\/2025\/02\/dzuma2-1024x768.jpg 1024w, https:\/\/zem-zem.at\/wp-content\/uploads\/2025\/02\/dzuma2-768x576.jpg 768w, https:\/\/zem-zem.at\/wp-content\/uploads\/2025\/02\/dzuma2-16x12.jpg 16w\" sizes=\"auto, (max-width: 1080px) 100vw, 1080px\">\n\t\t\t\n          <\/div>\n        <\/div>\n       \n\t                    \n        <div class=\"swiper-slide\">\n          <div class=\"bde-basicslider__slide\">\n              <div class=\"bde-basicslider__content\">\n                                                <\/div>\n\n\t\t\t\t\t\t          <img loading=\"lazy\" decoding=\"async\" class=\"breakdance-image-object bde-basicslider__image\" src=\"https:\/\/zem-zem.at\/wp-content\/uploads\/2025\/02\/dzuma1.jpg\" width=\"1080\" height=\"1440\" srcset=\"https:\/\/zem-zem.at\/wp-content\/uploads\/2025\/02\/dzuma1.jpg 1080w, https:\/\/zem-zem.at\/wp-content\/uploads\/2025\/02\/dzuma1-225x300.jpg 225w, https:\/\/zem-zem.at\/wp-content\/uploads\/2025\/02\/dzuma1-768x1024.jpg 768w, https:\/\/zem-zem.at\/wp-content\/uploads\/2025\/02\/dzuma1-9x12.jpg 9w\" sizes=\"auto, (max-width: 1080px) 100vw, 1080px\">\n\t\t\t\n          <\/div>\n        <\/div>\n       \n      <\/div>\n    <\/div>\n                <div class=\"swiper-button-prev\">\n            \n        <\/div>\n        <div class=\"swiper-button-next\">\n            \n        <\/div>\n    \n            <div class=\"swiper-pagination\"><\/div>\n    \n<\/div>\n\n<\/div>\n<\/div><\/div><div class=\"bde-rich-text-794-122 bde-rich-text breakdance-rich-text-styles\">\n<p>\ud83d\udd39 <strong>Tok d\u017euma-hutbe<\/strong><\/p>\n<ol>\n<li><strong>Uvod:<\/strong> Zahvala Allahu i slanje salavata na Poslanika (\ufdfa)<\/li>\n<li><strong>Glavni dio:<\/strong> Teme sedmice (npr. etika, iman, dru\u0161tvena odgovornost)<\/li>\n<li><strong>Zaklju\u010dak:<\/strong> Dove za vjernike i zajednicu<\/li>\n<\/ol>\n<p style=\"text-align: center;\" class=\"translation-block\"><em>\"O vjernici, kada se u petak na molitvu pozove,<br>kupoprodaju ostavite i po\u0111ite molitvu obaviti; to vam je bolje, neka znate!\"<\/em> <br>(Kur'an, 62:9)<\/p>\n<\/div><\/div>\n<\/section>","protected":false},"excerpt":{"rendered":"<p>Die w\u00f6chentliche Ansprache f\u00fcr Herz und Verstand Freitagspredigt Was ist die Hutba? Die Hutba ist die w\u00f6chentliche Predigt, die vor dem Freitagsgebet (Dschuma) in der Moschee gehalten wird. Sie ist fester Bestandteil des Gebets und dient der spirituellen und moralischen Wegweisung der Gl\u00e4ubigen. Die Tradition der Freitagspredigt geht auf den Propheten Muhammad (\ufdfa) zur\u00fcck, der [&hellip;]<\/p>","protected":false},"author":1,"featured_media":0,"parent":0,"menu_order":7,"comment_status":"closed","ping_status":"closed","template":"","meta":{"_acf_changed":false,"_breakdance_hide_in_design_set":false,"_breakdance_tags":"","iawp_total_views":35},"class_list":["post-794","page","type-page","status-publish","hentry"],"acf":[],"_links":{"self":[{"href":"https:\/\/zem-zem.at\/bs\/wp-json\/wp\/v2\/pages\/794","targetHints":{"allow":["GET"]}}],"collection":[{"href":"https:\/\/zem-zem.at\/bs\/wp-json\/wp\/v2\/pages"}],"about":[{"href":"https:\/\/zem-zem.at\/bs\/wp-json\/wp\/v2\/types\/page"}],"author":[{"embeddable":true,"href":"https:\/\/zem-zem.at\/bs\/wp-json\/wp\/v2\/users\/1"}],"replies":[{"embeddable":true,"href":"https:\/\/zem-zem.at\/bs\/wp-json\/wp\/v2\/comments?post=794"}],"version-history":[{"count":5,"href":"https:\/\/zem-zem.at\/bs\/wp-json\/wp\/v2\/pages\/794\/revisions"}],"predecessor-version":[{"id":1585,"href":"https:\/\/zem-zem.at\/bs\/wp-json\/wp\/v2\/pages\/794\/revisions\/1585"}],"wp:attachment":[{"href":"https:\/\/zem-zem.at\/bs\/wp-json\/wp\/v2\/media?parent=794"}],"curies":[{"name":"wp","href":"https:\/\/api.w.org\/{rel}","templated":true}]}}