{"id":796,"date":"2025-01-30T17:58:50","date_gmt":"2025-01-30T16:58:50","guid":{"rendered":"https:\/\/zem-zem.at\/?page_id=796"},"modified":"2025-02-03T22:42:43","modified_gmt":"2025-02-03T21:42:43","slug":"prophet","status":"publish","type":"page","link":"https:\/\/zem-zem.at\/bs\/prophet\/","title":{"rendered":"Poslanik"},"content":{"rendered":"<section class=\"bde-section-796-112 bde-section bde-preset-4fb5b650-a86a-4d74-8356-2fc8dd534f7d\">\n              \n  \n  \n\t\n\n\n\n<div class=\"section-container\"><h1 class=\"bde-heading-796-113 bde-heading bde-preset-19ec90ca-a111-4be3-83ca-72adc7b1cb5c\">\nMuhammed \ufdfa \u2013 Posljednji Bo\u017eiji poslanik\n<\/h1><div class=\"bde-text-796-114 bde-text bde-preset-0a5ff931-c030-4cc4-aa9b-8abb3a0fb954\">\nPoslanik\n<\/div><\/div>\n<\/section><section class=\"bde-section-796-115 bde-section\">\n  \n  \n\t\n\n\n\n<div class=\"section-container\"><div class=\"bde-text-796-121 bde-text\">\nMuhammed, alejhi selam, poznat je kao posljednji Bo\u017eiji poslanik, koji nije samo pozivao u \u010disti tevhid (monoteizam), ve\u0107 je svojim primjernim pona\u0161anjem i misijom mira postao simbol pravde i tolerancije. Jo\u0161 prije poslanstva, stanovnici Mekke su ga cijenili i nazivali \"Al-Amin\" (Povjerljivi). Njegova uloga u rje\u0161avanju sukoba \u2013 poput doga\u0111aja prilikom obnove Ka'be, kada je mudro rije\u0161io spor oko postavljanja Crnog kamena, kao i njegova posredovanja me\u0111u zara\u0107enim plemenima u Medini, svjedo\u010de o njegovoj moralnoj veli\u010dini i mudrosti.\n<\/div><\/div>\n<\/section><section class=\"bde-section-796-165 bde-section\">\n  \n  \n\t\n\n\n\n<div class=\"section-container\"><div class=\"bde-columns-796-166 bde-columns\"><div class=\"bde-column-796-167 bde-column\">\n  \n  \n\t\n\n\n\n<div class=\"bde-div-796-262 bde-div\">\n  \n  \n\t\n\n\n\n<h2 class=\"bde-heading-796-170 bde-heading\">\nHronolo\u0161ki pregled\n<\/h2><div class=\"bde-text-796-171 bde-text\">\nMuhammed, alejhi selam, ro\u0111en je 570. godine u Mekki. Odrastao je kao siro\u010de, ali je stekao ugled i povjerenje naroda, koji su ga prozvali \u201eAl-Amin\u201c \u2013 Povjerljivi. U 40. godini \u017eivota, dok se povla\u010dio u pe\u0107inu Hira, primio je prvu objavu preko meleka D\u017eibrila, \u010dime je zapo\u010dela njegova 23-godi\u0161nja misija. Ova misija kulminirala je objavom i sastavljanjem Kur\u2019ana, koji do danas predstavlja temelj vjere i \u017eivota muslimana.\n<\/div>\n<\/div>\n<\/div><div class=\"bde-column-796-172 bde-column\">\n  \n  \n\t\n\n\n\n<div class=\"bde-div-796-173 bde-div\">\n  \n  \n\t\n\n\n\n<div class=\"bde-div-796-174 bde-div\">\n  \n  \n\t\n\n\n\n<div class=\"bde-icon-796-175 bde-icon\">\n\n    \n            <div class=\"bde-icon-icon breakdance-icon-atom\" >\n    \n                    <svg xmlns=\"http:\/\/www.w3.org\/2000\/svg\" width=\"24\" height=\"24\" viewbox=\"0 0 24 24\" fill-rule=\"evenodd\" clip-rule=\"evenodd\"><path d=\"M12 2h2v2h2v3.702l7 2.618v12.68h1v1h-24v-1h1v-11h6v-8h2v-2h2v-2h1v2zm3 3h-7v18h1v-2h5v2h1v-18zm-2 17h-3v1h3v-1zm8 1h1v-11.987l-6-2.243v14.23h1v-2h4v2zm-14-10h-5v10h1v-2h3v2h1v-10zm-2 9h-1v1h1v-1zm15 0h-2v1h2v-1zm-16-5v2h-1v-2h1zm2 0v2h-1v-2h1zm5-10v12h-1v-12h1zm10 11v1h-4v-1h4zm-8-11v12h-1v-12h1zm8 9v1h-4v-1h4zm-17-2v2h-1v-2h1zm2 0v2h-1v-2h1zm15 0v1h-4v-1h4zm0-2v1h-4v-1h4zm-8-9h-3v1h3v-1z\"\/><\/svg>\n        \n        \n        \n            <\/div>\n    \n\n\n<\/div><div class=\"bde-div-796-176 bde-div\">\n  \n  \n\t\n\n\n\n\n<\/div>\n<\/div><div class=\"bde-div-796-177 bde-div\">\n  \n  \n\t\n\n\n\n<div class=\"bde-text-796-259 bde-text\">\n570\n<\/div><h3 class=\"bde-heading-796-178 bde-heading\">\nRo\u0111enje u Mekki\n<\/h3>\n<\/div>\n<\/div><div class=\"bde-div-796-278 bde-div\">\n  \n  \n\t\n\n\n\n<div class=\"bde-div-796-279 bde-div\">\n  \n  \n\t\n\n\n\n<div class=\"bde-icon-796-280 bde-icon\">\n\n    \n            <div class=\"bde-icon-icon breakdance-icon-atom\" >\n    \n                    <svg xmlns=\"http:\/\/www.w3.org\/2000\/svg\" width=\"24\" height=\"24\" viewbox=\"0 0 24 24\" fill-rule=\"evenodd\" clip-rule=\"evenodd\"><path d=\"M12 2h2v2h2v3.702l7 2.618v12.68h1v1h-24v-1h1v-11h6v-8h2v-2h2v-2h1v2zm3 3h-7v18h1v-2h5v2h1v-18zm-2 17h-3v1h3v-1zm8 1h1v-11.987l-6-2.243v14.23h1v-2h4v2zm-14-10h-5v10h1v-2h3v2h1v-10zm-2 9h-1v1h1v-1zm15 0h-2v1h2v-1zm-16-5v2h-1v-2h1zm2 0v2h-1v-2h1zm5-10v12h-1v-12h1zm10 11v1h-4v-1h4zm-8-11v12h-1v-12h1zm8 9v1h-4v-1h4zm-17-2v2h-1v-2h1zm2 0v2h-1v-2h1zm15 0v1h-4v-1h4zm0-2v1h-4v-1h4zm-8-9h-3v1h3v-1z\"\/><\/svg>\n        \n        \n        \n            <\/div>\n    \n\n\n<\/div><div class=\"bde-div-796-281 bde-div\">\n  \n  \n\t\n\n\n\n\n<\/div>\n<\/div><div class=\"bde-div-796-282 bde-div\">\n  \n  \n\t\n\n\n\n<div class=\"bde-text-796-283 bde-text\">\n576\n<\/div><h3 class=\"bde-heading-796-284 bde-heading\">\nSmrt majke\n<\/h3><div class=\"bde-text-796-424 bde-text\">\nMuhammedov (a.s.) otac preselio je prije njegovog ro\u0111enja, a u \u0161estoj godini ostao je i bez majke, Amine. Nakon toga, odgajao ga je njegov djed Abdulmuttalib, a kasnije amid\u017ea Ebu Talib.\n<\/div>\n<\/div>\n<\/div><div class=\"bde-div-796-313 bde-div\">\n  \n  \n\t\n\n\n\n<div class=\"bde-div-796-314 bde-div\">\n  \n  \n\t\n\n\n\n<div class=\"bde-icon-796-315 bde-icon\">\n\n    \n            <div class=\"bde-icon-icon breakdance-icon-atom\" >\n    \n                    <svg xmlns=\"http:\/\/www.w3.org\/2000\/svg\" width=\"24\" height=\"24\" viewbox=\"0 0 24 24\" fill-rule=\"evenodd\" clip-rule=\"evenodd\"><path d=\"M12 2h2v2h2v3.702l7 2.618v12.68h1v1h-24v-1h1v-11h6v-8h2v-2h2v-2h1v2zm3 3h-7v18h1v-2h5v2h1v-18zm-2 17h-3v1h3v-1zm8 1h1v-11.987l-6-2.243v14.23h1v-2h4v2zm-14-10h-5v10h1v-2h3v2h1v-10zm-2 9h-1v1h1v-1zm15 0h-2v1h2v-1zm-16-5v2h-1v-2h1zm2 0v2h-1v-2h1zm5-10v12h-1v-12h1zm10 11v1h-4v-1h4zm-8-11v12h-1v-12h1zm8 9v1h-4v-1h4zm-17-2v2h-1v-2h1zm2 0v2h-1v-2h1zm15 0v1h-4v-1h4zm0-2v1h-4v-1h4zm-8-9h-3v1h3v-1z\"\/><\/svg>\n        \n        \n        \n            <\/div>\n    \n\n\n<\/div><div class=\"bde-div-796-316 bde-div\">\n  \n  \n\t\n\n\n\n\n<\/div>\n<\/div><div class=\"bde-div-796-317 bde-div\">\n  \n  \n\t\n\n\n\n<div class=\"bde-text-796-318 bde-text\">\n595\n<\/div><h3 class=\"bde-heading-796-319 bde-heading\">\nBrak sa Hadid\u017eom bint Huvejlid\n<\/h3><div class=\"bde-text-796-460 bde-text\">\nU 25. godini, Muhammed (a.s.) o\u017eenio se Hadid\u017eom bint Huvejlid, uglednom i imu\u0107nom trgovkinjom. Ona je bila njegova najve\u0107a podr\u0161ka i prva osoba koja je povjerovala u njegovo poslanstvo.\n<\/div>\n<\/div>\n<\/div><div class=\"bde-div-796-306 bde-div\">\n  \n  \n\t\n\n\n\n<div class=\"bde-div-796-307 bde-div\">\n  \n  \n\t\n\n\n\n<div class=\"bde-icon-796-308 bde-icon\">\n\n    \n            <div class=\"bde-icon-icon breakdance-icon-atom\" >\n    \n                    <svg xmlns=\"http:\/\/www.w3.org\/2000\/svg\" width=\"24\" height=\"24\" viewbox=\"0 0 24 24\" fill-rule=\"evenodd\" clip-rule=\"evenodd\"><path d=\"M12 2h2v2h2v3.702l7 2.618v12.68h1v1h-24v-1h1v-11h6v-8h2v-2h2v-2h1v2zm3 3h-7v18h1v-2h5v2h1v-18zm-2 17h-3v1h3v-1zm8 1h1v-11.987l-6-2.243v14.23h1v-2h4v2zm-14-10h-5v10h1v-2h3v2h1v-10zm-2 9h-1v1h1v-1zm15 0h-2v1h2v-1zm-16-5v2h-1v-2h1zm2 0v2h-1v-2h1zm5-10v12h-1v-12h1zm10 11v1h-4v-1h4zm-8-11v12h-1v-12h1zm8 9v1h-4v-1h4zm-17-2v2h-1v-2h1zm2 0v2h-1v-2h1zm15 0v1h-4v-1h4zm0-2v1h-4v-1h4zm-8-9h-3v1h3v-1z\"\/><\/svg>\n        \n        \n        \n            <\/div>\n    \n\n\n<\/div><div class=\"bde-div-796-309 bde-div\">\n  \n  \n\t\n\n\n\n\n<\/div>\n<\/div><div class=\"bde-div-796-310 bde-div\">\n  \n  \n\t\n\n\n\n<div class=\"bde-text-796-311 bde-text\">\n610\n<\/div><h3 class=\"bde-heading-796-312 bde-heading\">\nPrva objava u pe\u0107ini Hira\n<\/h3><div class=\"bde-text-796-461 bde-text\">\nU 40. godini \u017eivota, Muhammed (a.s.) primio je prvu objavu preko meleka D\u017eibrila u pe\u0107ini Hira, \u010dime je zapo\u010delo njegovo poslanstvo.\n<\/div>\n<\/div>\n<\/div><div class=\"bde-div-796-299 bde-div\">\n  \n  \n\t\n\n\n\n<div class=\"bde-div-796-300 bde-div\">\n  \n  \n\t\n\n\n\n<div class=\"bde-icon-796-301 bde-icon\">\n\n    \n            <div class=\"bde-icon-icon breakdance-icon-atom\" >\n    \n                    <svg xmlns=\"http:\/\/www.w3.org\/2000\/svg\" width=\"24\" height=\"24\" viewbox=\"0 0 24 24\" fill-rule=\"evenodd\" clip-rule=\"evenodd\"><path d=\"M12 2h2v2h2v3.702l7 2.618v12.68h1v1h-24v-1h1v-11h6v-8h2v-2h2v-2h1v2zm3 3h-7v18h1v-2h5v2h1v-18zm-2 17h-3v1h3v-1zm8 1h1v-11.987l-6-2.243v14.23h1v-2h4v2zm-14-10h-5v10h1v-2h3v2h1v-10zm-2 9h-1v1h1v-1zm15 0h-2v1h2v-1zm-16-5v2h-1v-2h1zm2 0v2h-1v-2h1zm5-10v12h-1v-12h1zm10 11v1h-4v-1h4zm-8-11v12h-1v-12h1zm8 9v1h-4v-1h4zm-17-2v2h-1v-2h1zm2 0v2h-1v-2h1zm15 0v1h-4v-1h4zm0-2v1h-4v-1h4zm-8-9h-3v1h3v-1z\"\/><\/svg>\n        \n        \n        \n            <\/div>\n    \n\n\n<\/div><div class=\"bde-div-796-302 bde-div\">\n  \n  \n\t\n\n\n\n\n<\/div>\n<\/div><div class=\"bde-div-796-303 bde-div\">\n  \n  \n\t\n\n\n\n<div class=\"bde-text-796-304 bde-text\">\n613\n<\/div><h3 class=\"bde-heading-796-305 bde-heading\">\nPo\u010detak javnog pozivanja u Mekki\n<\/h3><div class=\"bde-text-796-462 bde-text\">\nNakon tri godine tajnog pozivanja, Muhammed (a.s.) po\u010deo je javno prenositi poruku islama. To je izazvalo otpor mekanske elite i rastu\u0107e neprijateljstvo prema muslimanima.\n<\/div>\n<\/div>\n<\/div><div class=\"bde-div-796-292 bde-div\">\n  \n  \n\t\n\n\n\n<div class=\"bde-div-796-293 bde-div\">\n  \n  \n\t\n\n\n\n<div class=\"bde-icon-796-294 bde-icon\">\n\n    \n            <div class=\"bde-icon-icon breakdance-icon-atom\" >\n    \n                    <svg xmlns=\"http:\/\/www.w3.org\/2000\/svg\" width=\"24\" height=\"24\" viewbox=\"0 0 24 24\" fill-rule=\"evenodd\" clip-rule=\"evenodd\"><path d=\"M12 2h2v2h2v3.702l7 2.618v12.68h1v1h-24v-1h1v-11h6v-8h2v-2h2v-2h1v2zm3 3h-7v18h1v-2h5v2h1v-18zm-2 17h-3v1h3v-1zm8 1h1v-11.987l-6-2.243v14.23h1v-2h4v2zm-14-10h-5v10h1v-2h3v2h1v-10zm-2 9h-1v1h1v-1zm15 0h-2v1h2v-1zm-16-5v2h-1v-2h1zm2 0v2h-1v-2h1zm5-10v12h-1v-12h1zm10 11v1h-4v-1h4zm-8-11v12h-1v-12h1zm8 9v1h-4v-1h4zm-17-2v2h-1v-2h1zm2 0v2h-1v-2h1zm15 0v1h-4v-1h4zm0-2v1h-4v-1h4zm-8-9h-3v1h3v-1z\"\/><\/svg>\n        \n        \n        \n            <\/div>\n    \n\n\n<\/div><div class=\"bde-div-796-295 bde-div\">\n  \n  \n\t\n\n\n\n\n<\/div>\n<\/div><div class=\"bde-div-796-296 bde-div\">\n  \n  \n\t\n\n\n\n<div class=\"bde-text-796-297 bde-text\">\n622\n<\/div><h3 class=\"bde-heading-796-298 bde-heading\">\nHid\u017era \u2013 seoba u Medinu\n<\/h3><div class=\"bde-text-796-463 bde-text\">\nZbog sve ve\u0107e represije, Muhammed (a.s.) i njegovi ashabi napustili su Mekku i preselili u Medinu. Ovaj doga\u0111aj, poznat kao Hid\u017era, ozna\u010dava po\u010detak islamskog kalendara.\n<\/div>\n<\/div>\n<\/div><div class=\"bde-div-796-271 bde-div\">\n  \n  \n\t\n\n\n\n<div class=\"bde-div-796-272 bde-div\">\n  \n  \n\t\n\n\n\n<div class=\"bde-icon-796-273 bde-icon\">\n\n    \n            <div class=\"bde-icon-icon breakdance-icon-atom\" >\n    \n                    <svg xmlns=\"http:\/\/www.w3.org\/2000\/svg\" width=\"24\" height=\"24\" viewbox=\"0 0 24 24\" fill-rule=\"evenodd\" clip-rule=\"evenodd\"><path d=\"M12 2h2v2h2v3.702l7 2.618v12.68h1v1h-24v-1h1v-11h6v-8h2v-2h2v-2h1v2zm3 3h-7v18h1v-2h5v2h1v-18zm-2 17h-3v1h3v-1zm8 1h1v-11.987l-6-2.243v14.23h1v-2h4v2zm-14-10h-5v10h1v-2h3v2h1v-10zm-2 9h-1v1h1v-1zm15 0h-2v1h2v-1zm-16-5v2h-1v-2h1zm2 0v2h-1v-2h1zm5-10v12h-1v-12h1zm10 11v1h-4v-1h4zm-8-11v12h-1v-12h1zm8 9v1h-4v-1h4zm-17-2v2h-1v-2h1zm2 0v2h-1v-2h1zm15 0v1h-4v-1h4zm0-2v1h-4v-1h4zm-8-9h-3v1h3v-1z\"\/><\/svg>\n        \n        \n        \n            <\/div>\n    \n\n\n<\/div><div class=\"bde-div-796-274 bde-div\">\n  \n  \n\t\n\n\n\n\n<\/div>\n<\/div><div class=\"bde-div-796-275 bde-div\">\n  \n  \n\t\n\n\n\n<div class=\"bde-text-796-276 bde-text\">\n623\n<\/div><h3 class=\"bde-heading-796-277 bde-heading\">\nOsnivanje prve islamske zajednice u Medini\n<\/h3><div class=\"bde-text-796-464 bde-text\">\nMuhammed (a.s.) uspostavio je prvu islamsku dr\u017eavu u Medini i donio Medinski ustav \u2013 dokument koji je regulisao su\u017eivot muslimana, jevreja i drugih zajednica.\n<\/div>\n<\/div>\n<\/div><div class=\"bde-div-796-453 bde-div\">\n  \n  \n\t\n\n\n\n<div class=\"bde-div-796-454 bde-div\">\n  \n  \n\t\n\n\n\n<div class=\"bde-icon-796-455 bde-icon\">\n\n    \n            <div class=\"bde-icon-icon breakdance-icon-atom\" >\n    \n                    <svg xmlns=\"http:\/\/www.w3.org\/2000\/svg\" width=\"24\" height=\"24\" viewbox=\"0 0 24 24\" fill-rule=\"evenodd\" clip-rule=\"evenodd\"><path d=\"M12 2h2v2h2v3.702l7 2.618v12.68h1v1h-24v-1h1v-11h6v-8h2v-2h2v-2h1v2zm3 3h-7v18h1v-2h5v2h1v-18zm-2 17h-3v1h3v-1zm8 1h1v-11.987l-6-2.243v14.23h1v-2h4v2zm-14-10h-5v10h1v-2h3v2h1v-10zm-2 9h-1v1h1v-1zm15 0h-2v1h2v-1zm-16-5v2h-1v-2h1zm2 0v2h-1v-2h1zm5-10v12h-1v-12h1zm10 11v1h-4v-1h4zm-8-11v12h-1v-12h1zm8 9v1h-4v-1h4zm-17-2v2h-1v-2h1zm2 0v2h-1v-2h1zm15 0v1h-4v-1h4zm0-2v1h-4v-1h4zm-8-9h-3v1h3v-1z\"\/><\/svg>\n        \n        \n        \n            <\/div>\n    \n\n\n<\/div><div class=\"bde-div-796-456 bde-div\">\n  \n  \n\t\n\n\n\n\n<\/div>\n<\/div><div class=\"bde-div-796-457 bde-div\">\n  \n  \n\t\n\n\n\n<div class=\"bde-text-796-458 bde-text\">\n624\n<\/div><h3 class=\"bde-heading-796-459 bde-heading\">\nBitka na Bedru\n<\/h3><div class=\"bde-text-796-465 bde-text\">\nPrva velika bitka izme\u0111u muslimana i Kurej\u0161ija dogodila se kod Bedra. Iako broj\u010dano slabiji, muslimani su uz Allahovu pomo\u0107 odnijeli veliku pobjedu.\n<\/div>\n<\/div>\n<\/div><div class=\"bde-div-796-446 bde-div\">\n  \n  \n\t\n\n\n\n<div class=\"bde-div-796-447 bde-div\">\n  \n  \n\t\n\n\n\n<div class=\"bde-icon-796-448 bde-icon\">\n\n    \n            <div class=\"bde-icon-icon breakdance-icon-atom\" >\n    \n                    <svg xmlns=\"http:\/\/www.w3.org\/2000\/svg\" width=\"24\" height=\"24\" viewbox=\"0 0 24 24\" fill-rule=\"evenodd\" clip-rule=\"evenodd\"><path d=\"M12 2h2v2h2v3.702l7 2.618v12.68h1v1h-24v-1h1v-11h6v-8h2v-2h2v-2h1v2zm3 3h-7v18h1v-2h5v2h1v-18zm-2 17h-3v1h3v-1zm8 1h1v-11.987l-6-2.243v14.23h1v-2h4v2zm-14-10h-5v10h1v-2h3v2h1v-10zm-2 9h-1v1h1v-1zm15 0h-2v1h2v-1zm-16-5v2h-1v-2h1zm2 0v2h-1v-2h1zm5-10v12h-1v-12h1zm10 11v1h-4v-1h4zm-8-11v12h-1v-12h1zm8 9v1h-4v-1h4zm-17-2v2h-1v-2h1zm2 0v2h-1v-2h1zm15 0v1h-4v-1h4zm0-2v1h-4v-1h4zm-8-9h-3v1h3v-1z\"\/><\/svg>\n        \n        \n        \n            <\/div>\n    \n\n\n<\/div><div class=\"bde-div-796-449 bde-div\">\n  \n  \n\t\n\n\n\n\n<\/div>\n<\/div><div class=\"bde-div-796-450 bde-div\">\n  \n  \n\t\n\n\n\n<div class=\"bde-text-796-451 bde-text\">\n625\n<\/div><h3 class=\"bde-heading-796-452 bde-heading\">\nBitka na Uhudu\n<\/h3><div class=\"bde-text-796-466 bde-text\">\nU bitci kod Uhuda, muslimani su ponovo sukobili se s Kurej\u0161ijama. Zbog takti\u010dke gre\u0161ke, pretrpjeli su privremeni poraz, ali njihova vjera nije oslabila.\n<\/div>\n<\/div>\n<\/div><div class=\"bde-div-796-439 bde-div\">\n  \n  \n\t\n\n\n\n<div class=\"bde-div-796-440 bde-div\">\n  \n  \n\t\n\n\n\n<div class=\"bde-icon-796-441 bde-icon\">\n\n    \n            <div class=\"bde-icon-icon breakdance-icon-atom\" >\n    \n                    <svg xmlns=\"http:\/\/www.w3.org\/2000\/svg\" width=\"24\" height=\"24\" viewbox=\"0 0 24 24\" fill-rule=\"evenodd\" clip-rule=\"evenodd\"><path d=\"M12 2h2v2h2v3.702l7 2.618v12.68h1v1h-24v-1h1v-11h6v-8h2v-2h2v-2h1v2zm3 3h-7v18h1v-2h5v2h1v-18zm-2 17h-3v1h3v-1zm8 1h1v-11.987l-6-2.243v14.23h1v-2h4v2zm-14-10h-5v10h1v-2h3v2h1v-10zm-2 9h-1v1h1v-1zm15 0h-2v1h2v-1zm-16-5v2h-1v-2h1zm2 0v2h-1v-2h1zm5-10v12h-1v-12h1zm10 11v1h-4v-1h4zm-8-11v12h-1v-12h1zm8 9v1h-4v-1h4zm-17-2v2h-1v-2h1zm2 0v2h-1v-2h1zm15 0v1h-4v-1h4zm0-2v1h-4v-1h4zm-8-9h-3v1h3v-1z\"\/><\/svg>\n        \n        \n        \n            <\/div>\n    \n\n\n<\/div><div class=\"bde-div-796-442 bde-div\">\n  \n  \n\t\n\n\n\n\n<\/div>\n<\/div><div class=\"bde-div-796-443 bde-div\">\n  \n  \n\t\n\n\n\n<div class=\"bde-text-796-444 bde-text\">\n628\n<\/div><h3 class=\"bde-heading-796-445 bde-heading\">\nSklapanje mirovnog sporazuma na Hudejbiji\n<\/h3><div class=\"bde-text-796-467 bde-text\">\nMuhammed (a.s.) je sa Kurej\u0161ijama potpisao desetogodi\u0161nji mirovni sporazum. Iako se \u010dinilo da sadr\u017ei ustupke, dugoro\u010dno je oja\u010dao polo\u017eaj muslimana.<br>\n<\/div>\n<\/div>\n<\/div><div class=\"bde-div-796-432 bde-div\">\n  \n  \n\t\n\n\n\n<div class=\"bde-div-796-433 bde-div\">\n  \n  \n\t\n\n\n\n<div class=\"bde-icon-796-434 bde-icon\">\n\n    \n            <div class=\"bde-icon-icon breakdance-icon-atom\" >\n    \n                    <svg xmlns=\"http:\/\/www.w3.org\/2000\/svg\" width=\"24\" height=\"24\" viewbox=\"0 0 24 24\" fill-rule=\"evenodd\" clip-rule=\"evenodd\"><path d=\"M12 2h2v2h2v3.702l7 2.618v12.68h1v1h-24v-1h1v-11h6v-8h2v-2h2v-2h1v2zm3 3h-7v18h1v-2h5v2h1v-18zm-2 17h-3v1h3v-1zm8 1h1v-11.987l-6-2.243v14.23h1v-2h4v2zm-14-10h-5v10h1v-2h3v2h1v-10zm-2 9h-1v1h1v-1zm15 0h-2v1h2v-1zm-16-5v2h-1v-2h1zm2 0v2h-1v-2h1zm5-10v12h-1v-12h1zm10 11v1h-4v-1h4zm-8-11v12h-1v-12h1zm8 9v1h-4v-1h4zm-17-2v2h-1v-2h1zm2 0v2h-1v-2h1zm15 0v1h-4v-1h4zm0-2v1h-4v-1h4zm-8-9h-3v1h3v-1z\"\/><\/svg>\n        \n        \n        \n            <\/div>\n    \n\n\n<\/div><div class=\"bde-div-796-435 bde-div\">\n  \n  \n\t\n\n\n\n\n<\/div>\n<\/div><div class=\"bde-div-796-436 bde-div\">\n  \n  \n\t\n\n\n\n<div class=\"bde-text-796-437 bde-text\">\n630\n<\/div><h3 class=\"bde-heading-796-438 bde-heading\">\nOslobo\u0111enje Mekke\n<\/h3><div class=\"bde-text-796-468 bde-text\">\nNakon kr\u0161enja mirovnog sporazuma, Muhammed (a.s.) sa velikom vojskom u\u0161ao je u Mekku. Grad je mirno oslobo\u0111en, a Ka'ba o\u010di\u0161\u0107ena od kipova i ponovo posve\u0107ena tevhidu.\n<\/div>\n<\/div>\n<\/div><div class=\"bde-div-796-425 bde-div\">\n  \n  \n\t\n\n\n\n<div class=\"bde-div-796-426 bde-div\">\n  \n  \n\t\n\n\n\n<div class=\"bde-icon-796-427 bde-icon\">\n\n    \n            <div class=\"bde-icon-icon breakdance-icon-atom\" >\n    \n                    <svg xmlns=\"http:\/\/www.w3.org\/2000\/svg\" width=\"24\" height=\"24\" viewbox=\"0 0 24 24\" fill-rule=\"evenodd\" clip-rule=\"evenodd\"><path d=\"M12 2h2v2h2v3.702l7 2.618v12.68h1v1h-24v-1h1v-11h6v-8h2v-2h2v-2h1v2zm3 3h-7v18h1v-2h5v2h1v-18zm-2 17h-3v1h3v-1zm8 1h1v-11.987l-6-2.243v14.23h1v-2h4v2zm-14-10h-5v10h1v-2h3v2h1v-10zm-2 9h-1v1h1v-1zm15 0h-2v1h2v-1zm-16-5v2h-1v-2h1zm2 0v2h-1v-2h1zm5-10v12h-1v-12h1zm10 11v1h-4v-1h4zm-8-11v12h-1v-12h1zm8 9v1h-4v-1h4zm-17-2v2h-1v-2h1zm2 0v2h-1v-2h1zm15 0v1h-4v-1h4zm0-2v1h-4v-1h4zm-8-9h-3v1h3v-1z\"\/><\/svg>\n        \n        \n        \n            <\/div>\n    \n\n\n<\/div>\n<\/div><div class=\"bde-div-796-429 bde-div\">\n  \n  \n\t\n\n\n\n<div class=\"bde-text-796-430 bde-text\">\n632\n<\/div><h3 class=\"bde-heading-796-431 bde-heading\">\nPreseljenje u Medini\n<\/h3><div class=\"bde-text-796-469 bde-text\">\nMuhammed (a.s.) je preselio 632. godine u Medini. Njegova ostav\u0161tina \u017eivi kroz Sunnet i Kur'an, koji do danas oblikuju islamski svijet.\n<\/div>\n<\/div>\n<\/div>\n<\/div><\/div><\/div>\n<\/section><section class=\"bde-section-796-123 bde-section\">\n  \n  \n\t\n\n\n\n<div class=\"section-container\"><h1 class=\"bde-heading-796-124 bde-heading\">\nNjegova poruka i misija mira\n<\/h1><div class=\"bde-text-796-125 bde-text\">\nMuhammed (a.s.) nije bio samo poslanik, ve\u0107 i posrednik i mirotvorac. Njegov \u017eivot bio je obilje\u017een pravdom, milosr\u0111em i te\u017enjom ka skladnom su\u017eivotu. Zalagao se za dru\u0161tvenu ravnote\u017eu, za\u0161titu slabih i miran dijalog izme\u0111u razli\u010ditih zajednica. Njegova misija nagla\u0161avala je jedinstvo \u010dovje\u010danstva, me\u0111usobno po\u0161tovanje i vrijednost pomirenja.\n<\/div><div class=\"bde-columns-796-470 bde-columns\"><div class=\"bde-column-796-479 bde-column\">\n  \n  \n\t\n\n\n\n<div class=\"bde-icon-box-796-482 bde-icon-box bde-preset-1b291301-da7f-4e7e-b5b4-91d59e1d8fe2\">\n\n    \n            <div class=\"ee-iconbox-icon breakdance-icon-atom\" >\n    \n                    <svg xmlns=\"http:\/\/www.w3.org\/2000\/svg\" viewbox=\"0 0 512 512\"><!--! Font Awesome Free 6.5.1 by @fontawesome - https:\/\/fontawesome.com License - https:\/\/fontawesome.com\/license\/free (Icons: CC BY 4.0, Fonts: SIL OFL 1.1, Code: MIT License) Copyright 2023 Fonticons, Inc. --><path d=\"M224 0c17.7 0 32 14.3 32 32V240H192V32c0-17.7 14.3-32 32-32zm96 160c17.7 0 32 14.3 32 32v64c0 17.7-14.3 32-32 32s-32-14.3-32-32V192c0-17.7 14.3-32 32-32zm64 64c0-17.7 14.3-32 32-32s32 14.3 32 32v64c0 17.7-14.3 32-32 32s-32-14.3-32-32V224zM93.3 51.2L175.9 240H106.1L34.7 76.8C27.6 60.6 35 41.8 51.2 34.7s35.1 .3 42.1 16.5zm27 221.3l-.2-.5h69.9H216c22.1 0 40 17.9 40 40s-17.9 40-40 40H160c-8.8 0-16 7.2-16 16s7.2 16 16 16h56c39.8 0 72-32.2 72-72l0-.6c9.4 5.4 20.3 8.6 32 8.6c13.2 0 25.4-4 35.6-10.8c8.7 24.9 32.5 42.8 60.4 42.8c11.7 0 22.6-3.1 32-8.6V352c0 88.4-71.6 160-160 160H226.3c-42.4 0-83.1-16.9-113.1-46.9l-11.6-11.6C77.5 429.5 64 396.9 64 363V336c0-32.7 24.6-59.7 56.3-63.5z\"\/><\/svg>\n        \n        \n        \n            <\/div>\n    \n\n<div class=\"ee-iconbox-content\">\n      <p class=\"ee-iconbox-title bde-h3\" >Mirotvorac<\/p>\n        <div class=\"ee-iconbox-text\" >Ve\u0107 prije poslanstva, Muhammed (a.s.) je posredovao u sukobima u Mekki \u2013 poput spora oko Crnog kamena Ka'be, gdje je pomogao da se postigne sporazum me\u0111u zara\u0107enim plemenima.<\/div>\n    <\/div>\n\n<\/div>\n<\/div><div class=\"bde-column-796-487 bde-column\">\n  \n  \n\t\n\n\n\n<div class=\"bde-icon-box-796-489 bde-icon-box bde-preset-1b291301-da7f-4e7e-b5b4-91d59e1d8fe2\">\n\n    \n            <div class=\"ee-iconbox-icon breakdance-icon-atom\" >\n    \n                    <svg xmlns=\"http:\/\/www.w3.org\/2000\/svg\" viewbox=\"0 0 640 512\"><!--! Font Awesome Free 6.5.1 by @fontawesome - https:\/\/fontawesome.com License - https:\/\/fontawesome.com\/license\/free (Icons: CC BY 4.0, Fonts: SIL OFL 1.1, Code: MIT License) Copyright 2023 Fonticons, Inc. --><path d=\"M208 352c114.9 0 208-78.8 208-176S322.9 0 208 0S0 78.8 0 176c0 38.6 14.7 74.3 39.6 103.4c-3.5 9.4-8.7 17.7-14.2 24.7c-4.8 6.2-9.7 11-13.3 14.3c-1.8 1.6-3.3 2.9-4.3 3.7c-.5 .4-.9 .7-1.1 .8l-.2 .2 0 0 0 0C1 327.2-1.4 334.4 .8 340.9S9.1 352 16 352c21.8 0 43.8-5.6 62.1-12.5c9.2-3.5 17.8-7.4 25.3-11.4C134.1 343.3 169.8 352 208 352zM448 176c0 112.3-99.1 196.9-216.5 207C255.8 457.4 336.4 512 432 512c38.2 0 73.9-8.7 104.7-23.9c7.5 4 16 7.9 25.2 11.4c18.3 6.9 40.3 12.5 62.1 12.5c6.9 0 13.1-4.5 15.2-11.1c2.1-6.6-.2-13.8-5.8-17.9l0 0 0 0-.2-.2c-.2-.2-.6-.4-1.1-.8c-1-.8-2.5-2-4.3-3.7c-3.6-3.3-8.5-8.1-13.3-14.3c-5.5-7-10.7-15.4-14.2-24.7c24.9-29 39.6-64.7 39.6-103.4c0-92.8-84.9-168.9-192.6-175.5c.4 5.1 .6 10.3 .6 15.5z\"\/><\/svg>\n        \n        \n        \n            <\/div>\n    \n\n<div class=\"ee-iconbox-content\">\n      <p class=\"ee-iconbox-title bde-h3\" >Posrednik me\u0111u plemenima<\/p>\n        <div class=\"ee-iconbox-text\" >U Medini je uspje\u0161no okon\u010dao dugogodi\u0161nje sukobe izme\u0111u suprotstavljenih grupa i postavio temelje za mirnu i raznoliku zajednicu.<\/div>\n    <\/div>\n\n<\/div><div class=\"bde-icon-box-796-490 bde-icon-box bde-preset-1b291301-da7f-4e7e-b5b4-91d59e1d8fe2\">\n\n    \n            <div class=\"ee-iconbox-icon breakdance-icon-atom\" >\n    \n                    <svg xmlns=\"http:\/\/www.w3.org\/2000\/svg\" viewbox=\"0 0 512 512\"><!--! Font Awesome Free 6.5.1 by @fontawesome - https:\/\/fontawesome.com License - https:\/\/fontawesome.com\/license\/free (Icons: CC BY 4.0, Fonts: SIL OFL 1.1, Code: MIT License) Copyright 2023 Fonticons, Inc. --><path d=\"M160.8 96.5c14 17 31 30.9 49.5 42.2c25.9 15.8 53.7 25.9 77.7 31.6V138.8C265.8 108.5 250 71.5 248.6 28c-.4-11.3-7.5-21.5-18.4-24.4c-7.6-2-15.8-.2-21 5.8c-13.3 15.4-32.7 44.6-48.4 87.2zM320 144v30.6l0 0v1.3l0 0 0 32.1c-60.8-5.1-185-43.8-219.3-157.2C97.4 40 87.9 32 76.6 32c-7.9 0-15.3 3.9-18.8 11C46.8 65.9 32 112.1 32 176c0 116.9 80.1 180.5 118.4 202.8L11.8 416.6C6.7 418 2.6 421.8 .9 426.8s-.8 10.6 2.3 14.8C21.7 466.2 77.3 512 160 512c3.6 0 7.2-1.2 10-3.5L245.6 448H320c88.4 0 160-71.6 160-160V128l29.9-44.9c1.3-2 2.1-4.4 2.1-6.8c0-6.8-5.5-12.3-12.3-12.3H400c-44.2 0-80 35.8-80 80zm80-16a16 16 0 1 1 0 32 16 16 0 1 1 0-32z\"\/><\/svg>\n        \n        \n        \n            <\/div>\n    \n\n<div class=\"ee-iconbox-content\">\n      <p class=\"ee-iconbox-title bde-h3\" >Poruka tolerancije i pravde<\/p>\n        <div class=\"ee-iconbox-text\" >Njegova u\u010denja, zabilje\u017eena u Sunnetu i vjerodostojnim hadisima, pozivaju muslimane na dru\u0161tvenu odgovornost, pravednost i me\u0111usobno po\u0161tovanje.<\/div>\n    <\/div>\n\n<\/div>\n<\/div><\/div><\/div>\n<\/section><section class=\"bde-section-796-126 bde-section\">\n  \n  \n\t\n\n\n\n<div class=\"section-container\"><div class=\"bde-div-796-127 bde-div\">\n  \n  \n\t\n\n\n\n<h2 class=\"bde-heading-796-128 bde-heading\">\nTrajno naslije\u0111e\n<\/h2>\n<\/div><div class=\"bde-columns-796-130 bde-columns\"><div class=\"bde-column-796-131 bde-column\">\n  \n  \n\t\n\n\n\n<div class=\"bde-div-796-132 bde-div\">\n  \n  \n\t\n\n\n\n<h1 class=\"bde-heading-796-134 bde-heading\">\nUzor (Usvetun Hasene)\n<\/h1><div class=\"bde-text-796-135 bde-text\">\nSunnet, odnosno prenosi rije\u010di i djela Poslanika (a.s.), zajedno sa Kur'anom, \u010dini temelj islamskog na\u010dina \u017eivota i slu\u017ei kao vodi\u010d za eti\u010dko i dru\u0161tveno djelovanje.\n<\/div>\n<\/div>\n<\/div><div class=\"bde-column-796-156 bde-column\">\n  \n  \n\t\n\n\n\n<div class=\"bde-div-796-157 bde-div\">\n  \n  \n\t\n\n\n\n<h1 class=\"bde-heading-796-159 bde-heading\">\nUticaj\n<\/h1><div class=\"bde-text-796-160 bde-text\">\nNjegova predanost miru, mudrost u rje\u0161avanju sukoba i bliska saradnja sa ashabima (\u0631\u0636\u064a \u0627\u0644\u0644\u0647 \u0639\u0646\u0647\u0645) utemeljili su \u0161irenje islama i izgradnju sna\u017ene zajednice.\n<\/div>\n<\/div>\n<\/div><\/div><\/div>\n<\/section>","protected":false},"excerpt":{"rendered":"<p>Muhammad\u00a0\ufdfa \u2013 Letzter Gesandter Gottes Der Prophet Muhammad (a.s.) ist als letzter Gesandter Gottes bekannt, der nicht nur den reinen Monotheismus verk\u00fcndete, sondern auch durch sein vorbildliches Handeln und seine Friedensmissionen ein Symbol f\u00fcr Gerechtigkeit und Toleranz wurde. Schon vor seiner Berufung bewahrte er in Mekka das Vertrauen der Menschen als \u201eAl-Amin\u201c (der Vertrauensw\u00fcrdige). Sein [&hellip;]<\/p>","protected":false},"author":1,"featured_media":0,"parent":0,"menu_order":8,"comment_status":"closed","ping_status":"closed","template":"","meta":{"_acf_changed":false,"_breakdance_hide_in_design_set":false,"_breakdance_tags":"","iawp_total_views":49},"class_list":["post-796","page","type-page","status-publish","hentry"],"acf":[],"_links":{"self":[{"href":"https:\/\/zem-zem.at\/bs\/wp-json\/wp\/v2\/pages\/796","targetHints":{"allow":["GET"]}}],"collection":[{"href":"https:\/\/zem-zem.at\/bs\/wp-json\/wp\/v2\/pages"}],"about":[{"href":"https:\/\/zem-zem.at\/bs\/wp-json\/wp\/v2\/types\/page"}],"author":[{"embeddable":true,"href":"https:\/\/zem-zem.at\/bs\/wp-json\/wp\/v2\/users\/1"}],"replies":[{"embeddable":true,"href":"https:\/\/zem-zem.at\/bs\/wp-json\/wp\/v2\/comments?post=796"}],"version-history":[{"count":5,"href":"https:\/\/zem-zem.at\/bs\/wp-json\/wp\/v2\/pages\/796\/revisions"}],"predecessor-version":[{"id":1584,"href":"https:\/\/zem-zem.at\/bs\/wp-json\/wp\/v2\/pages\/796\/revisions\/1584"}],"wp:attachment":[{"href":"https:\/\/zem-zem.at\/bs\/wp-json\/wp\/v2\/media?parent=796"}],"curies":[{"name":"wp","href":"https:\/\/api.w.org\/{rel}","templated":true}]}}