{"id":815,"date":"2025-01-30T18:52:17","date_gmt":"2025-01-30T17:52:17","guid":{"rendered":"https:\/\/zem-zem.at\/?page_id=815"},"modified":"2026-01-27T22:31:45","modified_gmt":"2026-01-27T21:31:45","slug":"startseite","status":"publish","type":"page","link":"https:\/\/zem-zem.at\/bs\/","title":{"rendered":"Naslovna"},"content":{"rendered":"<section class=\"bde-section-815-109 bde-section\">\n              \n  \n  \n\t\n\n  <div class=\"section-background-overlay\"><\/div>\n\n\n<div class=\"section-container\"><div class=\"bde-text-815-110 bde-text\">\nEs-selamu alejkum\n<\/div><h1 class=\"bde-heading-815-111 bde-heading\">\nDobrodo\u0161li u d\u017eamiju Zem-Zem\n<\/h1><\/div>\n<\/section><section class=\"bde-section-815-152 bde-section\">\n  \n  \n\t\n\n\n\n<div class=\"section-container\"><h3 class=\"bde-heading-815-246 bde-heading\">\nVaktija Mistelbach\n<\/h3><div class=\"bde-div-815-159 bde-div gebetszeiten-container\">\n  \n  \n\t\n\n\n\n\n<\/div><\/div>\n<\/section><section class=\"bde-section-815-161 bde-section\">\n              \n  \n  \n\t\n\n\n\n<div class=\"section-container\"><div class=\"bde-advancedslider-815-162 bde-advancedslider\">\n<div class=\"breakdance-swiper-wrapper\" data-swiper-id=\"162\">\n  <div class=\"swiper\">\n    <div class=\"swiper-wrapper\">\n      <div class=\"bde-advancedslide-815-163 bde-advancedslide swiper-slide\"><div class=\"advanced-slider__slide\">\r\n  <div class=\"bde-fancy-testimonial-815-164 bde-fancy-testimonial\">\n<div class='bde-fancy-testimonial_content'>\n  \n  <div class='bde-fancy-testimonial_text'>\n        <div class=\"bde-fancy-testimonial_quote\"><svg xmlns=\"http:\/\/www.w3.org\/2000\/svg\" width=\"24\" height=\"24\" viewbox=\"0 0 24 24\" fill-rule=\"evenodd\" clip-rule=\"evenodd\"><path d=\"M9 3c-5.252 1.039-9 4.905-9 10.609v7.391h9.983v-10h-3.983c0-2.211 1.563-4.932 3.996-5.849l-.996-2.151zm14 0c-5.252 1.039-8.983 4.905-8.983 10.609v7.391h9.983v-10h-4c0-2.211 1.563-4.932 3.995-5.849l-.995-2.151zm-.567 1.156l.241.52c-2.394 1.391-3.674 4.159-3.674 6.324v1h4v8h-7.983v-6.391c0-4.687 2.82-8.248 7.416-9.453m-14-.001l.241.521c-2.394 1.391-3.674 4.159-3.674 6.324v1h3.983v8h-7.983v-6.391c0-4.686 2.827-8.247 7.433-9.454\"\/><\/svg><\/div>\n    <div class=\"bde-fancy-testimonial_quote\"><svg xmlns=\"http:\/\/www.w3.org\/2000\/svg\" width=\"24\" height=\"24\" viewbox=\"0 0 24 24\" fill-rule=\"evenodd\" clip-rule=\"evenodd\"><path d=\"M9 3c-5.252 1.039-9 4.905-9 10.609v7.391h9.983v-10h-3.983c0-2.211 1.563-4.932 3.996-5.849l-.996-2.151zm14 0c-5.252 1.039-8.983 4.905-8.983 10.609v7.391h9.983v-10h-4c0-2.211 1.563-4.932 3.995-5.849l-.995-2.151zm-.567 1.156l.241.52c-2.394 1.391-3.674 4.159-3.674 6.324v1h4v8h-7.983v-6.391c0-4.687 2.82-8.248 7.416-9.453m-14-.001l.241.521c-2.394 1.391-3.674 4.159-3.674 6.324v1h3.983v8h-7.983v-6.391c0-4.686 2.827-8.247 7.433-9.454\"\/><\/svg><\/div>\n        <p  class='bde-fancy-testimonial_text_text'>O ljudi, Mi vas od jednog \u010dovjeka i jedne \u017eene stvaramo i na narode i plemena vas dijelimo da biste se upoznali. Najugledniji kod Allaha je onaj koji Ga se najvi\u0161e boji, Allah, uistinu, sve zna i nije Mu skriveno ni\u0161ta.<\/p>\n  <\/div>\n      <div class='bde-fancy-testimonial_name' >\n    Kur'an, 49:13\n  <\/div>\n      <\/div>\n\n<\/div>\r\n<\/div><\/div>\n    <\/div>\n  <\/div>\n\n              <div class=\"swiper-button-prev\">\n            \n        <\/div>\n        <div class=\"swiper-button-next\">\n            \n        <\/div>\n    \n            <div class=\"swiper-pagination\"><\/div>\n    \n<\/div>\n\n<\/div><\/div>\n<\/section><section class=\"bde-section-815-175 bde-section\">\n  \n  \n\t\n\n\n\n<div class=\"section-container\"><div class=\"bde-columns-815-176 bde-columns\"><div class=\"bde-column-815-177 bde-column\">\n  \n  \n\t\n\n\n\n<div class=\"bde-image-815-178 bde-image\">\n<figure class=\"breakdance-image breakdance-image--993\">\n\t<div class=\"breakdance-image-container\">\n\t\t<div class=\"breakdance-image-clip\"><img loading=\"lazy\" decoding=\"async\" class=\"breakdance-image-object\" src=\"https:\/\/cornflowerblue-camel-863987.hostingersite.com\/wp-content\/uploads\/2025\/01\/Moschee_aussen-web_cc.jpg\" width=\"528\" height=\"528\" srcset=\"https:\/\/cornflowerblue-camel-863987.hostingersite.com\/wp-content\/uploads\/2025\/01\/Moschee_aussen-web_cc.jpg 528w, https:\/\/cornflowerblue-camel-863987.hostingersite.com\/wp-content\/uploads\/2025\/01\/Moschee_aussen-web_cc-300x300.jpg 300w, https:\/\/cornflowerblue-camel-863987.hostingersite.com\/wp-content\/uploads\/2025\/01\/Moschee_aussen-web_cc-150x150.jpg 150w, https:\/\/cornflowerblue-camel-863987.hostingersite.com\/wp-content\/uploads\/2025\/01\/Moschee_aussen-web_cc-12x12.jpg 12w\" sizes=\"auto, (max-width: 528px) 100vw, 528px\"><\/div>\n\t<\/div><\/figure>\n\n<\/div>\n<\/div><div class=\"bde-column-815-179 bde-column\">\n  \n  \n\t\n\n\n\n<h2 class=\"bde-heading-815-180 bde-heading\">\nD\u017eemat Zem-Zem\n<\/h2><div class=\"bde-text-815-182 bde-text\">\nDer \u00d6sterreichisch-Bosnischer Kultur- und Informationsverein Zem-Zem ist ein Ort des Glaubens, der Bildung und der Gemeinschaft. Unser Ziel ist es, die islamische Kultur und Tradition zu bewahren, den interkulturellen Dialog zu f\u00f6rdern und allen Gl\u00e4ubigen eine spirituelle Heimat zu bieten. Neben den t\u00e4glichen Gebeten bieten wir Kuranunterricht, Gemeinschaftsveranstaltungen und soziale Projekte an.\n<\/div><div class=\"bde-button-815-183 bde-button\">\n    \n                        \n                        \n    \n    \n    \n    \n            \n                    \n            \n            \n\n    \n    \n    \n    \n    \n    <a class=\"breakdance-link button-atom button-atom--secondary bde-button__button\" href=\"\/bs\/ueber-uns\/\" target=\"_self\" data-type=\"url\"  >\n\n    \n        <span class=\"button-atom__text\">O nama<\/span>\n\n        \n        \n                <\/a>\n\n    \n\n\n<\/div>\n<\/div><\/div><\/div>\n<\/section><div class=\"bde-globalblock-815-265 bde-globalblock\"><section class=\"bde-section-1214-100-1214-1 bde-section bde-section-1214-100\">\n  \n  \n\t\n\n\n\n<div class=\"section-container\"><h2 class=\"bde-heading-1214-101-1214-1 bde-heading bde-heading-1214-101\">\nU\u010denje, vjera i kultura na jednom mjestu\n<\/h2><div class=\"bde-text-1214-102-1214-1 bde-text bde-text-1214-102\">\nNa\u0161e ponude za zajednicu\n<\/div><div class=\"bde-text-1214-103-1214-1 bde-text bde-text-1214-103\">\nNa\u0161a d\u017eamija je vi\u0161e od mjesta za molitvu \u2013 ona pru\u017ea obrazovanje, zajedni\u0161tvo i o\u010duvanje kulture. Otkrijte na\u0161e aktivnosti za djecu, mlade i odrasle.\n<\/div><div class=\"bde-columns-1214-104-1214-1 bde-columns bde-columns-1214-104\"><div class=\"bde-column-1214-105-1214-1 bde-column bde-column-1214-105\">\n  \n  \n\t\n\n\n\n<div class=\"bde-div-1214-106-1214-1 bde-div bde-div-1214-106\">\n  \n  \n\t\n\n\n\n<h1 class=\"bde-heading-1214-107-1214-1 bde-heading bde-heading-1214-107\">\nOtkrij Islam \u2013 Znanje, duhovnost i zajedni\u0161tvo\n<\/h1><div class=\"bde-text-1214-108-1214-1 bde-text bde-text-1214-108\">\nOvdje mo\u017ee\u0161 prona\u0107i sadr\u017eaje o vjeri, Kur'anu, Poslaniku Muhammedu (s.a.w.), d\u017euma-namazu i Ramazanu.\n<\/div>\n<\/div><div class=\"bde-grid-1214-109-1214-1 bde-grid bde-grid-1214-109\">\n  \n  \n\t\n\n\n\n<div class=\"bde-grid-1214-110-1214-1 bde-grid bde-grid-1214-110\">\n  \n  \n\t\n\n\n\n<div class=\"bde-button-1214-111-1214-1 bde-button button-no-decoration bde-preset-64ef047f-6d8b-4217-8212-8d2e782d7e30 bde-button-1214-111\">\n    \n                        \n                        \n    \n    \n    \n    \n            \n                    \n            \n            \n\n    \n    \n    \n    \n    \n    <a class=\"breakdance-link button-atom button-atom--custom bde-button__button\" href=\"\/bs\/glaube\/\" target=\"_self\" data-type=\"url\"  >\n\n    \n        <span class=\"button-atom__text\">Vjera<\/span>\n\n        \n        \n                <\/a>\n\n    \n\n\n<\/div><div class=\"bde-button-1214-112-1214-1 bde-button button-no-decoration bde-preset-64ef047f-6d8b-4217-8212-8d2e782d7e30 bde-button-1214-112\">\n    \n                        \n                        \n    \n    \n    \n    \n            \n                    \n            \n            \n\n    \n    \n    \n    \n    \n    <a class=\"breakdance-link button-atom button-atom--custom bde-button__button\" href=\"\/bs\/kuran\/\" target=\"_self\" data-type=\"url\"  >\n\n    \n        <span class=\"button-atom__text\">Kur'an<\/span>\n\n        \n        \n                <\/a>\n\n    \n\n\n<\/div>\n<\/div><div class=\"bde-grid-1214-113-1214-1 bde-grid bde-grid-1214-113\">\n  \n  \n\t\n\n\n\n<div class=\"bde-button-1214-114-1214-1 bde-button button-no-decoration bde-preset-64ef047f-6d8b-4217-8212-8d2e782d7e30 bde-button-1214-114\">\n    \n                        \n                        \n    \n    \n    \n    \n            \n                    \n            \n            \n\n    \n    \n    \n    \n    \n    <a class=\"breakdance-link button-atom button-atom--custom bde-button__button\" href=\"\/bs\/Prophet\/\" target=\"_self\" data-type=\"url\"  >\n\n    \n        <span class=\"button-atom__text\">Poslanik<\/span>\n\n        \n        \n                <\/a>\n\n    \n\n\n<\/div><div class=\"bde-button-1214-115-1214-1 bde-button button-no-decoration bde-preset-64ef047f-6d8b-4217-8212-8d2e782d7e30 bde-button-1214-115\">\n    \n                        \n                        \n    \n    \n    \n    \n            \n                    \n            \n            \n\n    \n    \n    \n    \n    \n    <a class=\"breakdance-link button-atom button-atom--custom bde-button__button\" href=\"\/bs\/Freitagspredigt\/\" target=\"_self\" data-type=\"url\"  >\n\n    \n        <span class=\"button-atom__text\">Hutba<\/span>\n\n        \n        \n                <\/a>\n\n    \n\n\n<\/div>\n<\/div>\n<\/div>\n<\/div><div class=\"bde-column-1214-118-1214-1 bde-column bde-column-1214-118\">\n  \n  \n\t\n\n\n\n<div class=\"bde-image-box-1214-119-1214-1 bde-image-box bde-image-box-1214-119 bde-image-box-content-padding-only\">\n<div class=\"ee-imagebox-image\">\n  <img loading=\"lazy\" decoding=\"async\" class=\"breakdance-image-object\" src=\"https:\/\/zem-zem.at\/wp-content\/uploads\/2025\/01\/kuran_lesen_cc.jpg\" width=\"1366\" height=\"768\" srcset=\"https:\/\/zem-zem.at\/wp-content\/uploads\/2025\/01\/kuran_lesen_cc.jpg 1366w, https:\/\/zem-zem.at\/wp-content\/uploads\/2025\/01\/kuran_lesen_cc-300x169.jpg 300w, https:\/\/zem-zem.at\/wp-content\/uploads\/2025\/01\/kuran_lesen_cc-1024x576.jpg 1024w, https:\/\/zem-zem.at\/wp-content\/uploads\/2025\/01\/kuran_lesen_cc-768x432.jpg 768w, https:\/\/zem-zem.at\/wp-content\/uploads\/2025\/01\/kuran_lesen_cc-18x10.jpg 18w\" sizes=\"auto, (max-width: 1366px) 100vw, 1366px\">\n<\/div>\n<div class=\"ee-imagebox-content\">\n      <p class=\"ee-imagebox-title bde-h3\" >Mekteb<\/p>\n    \n      <div class=\"ee-imagebox-text\" >Islamska pouka za djecu i omladinu. U\u010denje, zajedni\u0161tvo i moralne vrijednosti u podr\u017eavaju\u0107em okru\u017eenju.<\/div>\n    \n          \n                        \n                        \n    \n    \n    \n    \n            \n                    \n            \n            \n\n    \n    \n    \n    \n    \n    <a class=\"breakdance-link button-atom button-atom--text ee-imagebox-button\" href=\"\/bs\/mekteb\/\" target=\"_self\" data-type=\"url\"  >\n\n    \n        <span class=\"button-atom__text\">saznaj vi\u0161e<\/span>\n\n        \n                    \n    <span class=\"button-atom__icon-wrapper\">\n\n        \n            <svg class=\"un-arrow-icon\" width=\"10\" height=\"10\" viewbox=\"0 0 10 10\" aria-hidden=\"true\">\n                <g fill-rule=\"evenodd\">\n                    <path class=\"un-arrow-icon_arrow\" d=\"M1 1l4 4-4 4\"><\/path>\n                <\/g>\n            <\/svg>\n\n        \n    <\/span>\n\n\n        \n                <\/a>\n\n    \n\n  <\/div>\n\n<\/div><div class=\"bde-image-box-1214-120-1214-1 bde-image-box bde-image-box-1214-120 bde-image-box-content-padding-only\">\n<div class=\"ee-imagebox-image\">\n  <img loading=\"lazy\" decoding=\"async\" class=\"breakdance-image-object\" src=\"https:\/\/zem-zem.at\/wp-content\/uploads\/2025\/01\/mostar_cuprija_v.jpg\" width=\"640\" height=\"960\" srcset=\"https:\/\/zem-zem.at\/wp-content\/uploads\/2025\/01\/mostar_cuprija_v.jpg 640w, https:\/\/zem-zem.at\/wp-content\/uploads\/2025\/01\/mostar_cuprija_v-200x300.jpg 200w, https:\/\/zem-zem.at\/wp-content\/uploads\/2025\/01\/mostar_cuprija_v-8x12.jpg 8w\" sizes=\"auto, (max-width: 640px) 100vw, 640px\">\n<\/div>\n<div class=\"ee-imagebox-content\">\n      <p class=\"ee-imagebox-title bde-h3\" >Kultura<\/p>\n    \n      <div class=\"ee-imagebox-text\" >Na\u0161a d\u017eamija \u010duva i prenosi bo\u0161nja\u010dku kulturu, jezik i tradiciju budu\u0107im generacijama.<\/div>\n    \n          \n                        \n                        \n    \n    \n    \n    \n            \n                    \n            \n            \n\n    \n    \n    \n    \n    \n    <a class=\"breakdance-link button-atom button-atom--text ee-imagebox-button\" href=\"\/bs\/kultur\/\" target=\"_self\" data-type=\"url\"  >\n\n    \n        <span class=\"button-atom__text\">saznaj vi\u0161e<\/span>\n\n        \n                    \n    <span class=\"button-atom__icon-wrapper\">\n\n        \n            <svg class=\"un-arrow-icon\" width=\"10\" height=\"10\" viewbox=\"0 0 10 10\" aria-hidden=\"true\">\n                <g fill-rule=\"evenodd\">\n                    <path class=\"un-arrow-icon_arrow\" d=\"M1 1l4 4-4 4\"><\/path>\n                <\/g>\n            <\/svg>\n\n        \n    <\/span>\n\n\n        \n                <\/a>\n\n    \n\n  <\/div>\n\n<\/div>\n<\/div><\/div><\/div>\n<\/section><\/div><div class=\"bde-globalblock-815-266 bde-globalblock\"><section class=\"bde-section-1219-100-1219-1 bde-section bde-section-1219-100\">\n  \n  \n\t\n\n\n\n<div class=\"section-container\"><h2 class=\"bde-heading-1219-101-1219-1 bde-heading bde-heading-1219-101\">\nNajnovije vijesti iz d\u017eamije\n<\/h2><div class=\"bde-text-1219-102-1219-1 bde-text bde-text-1219-102\">\nOvdje mo\u017ee\u0161 prona\u0107i aktuelne izvje\u0161taje, doga\u0111aje i zanimljivosti iz na\u0161e d\u017eamije i zajednice. Ostanite informisani o vjerskim i kulturnim temama, nadolaze\u0107im doga\u0111ajima i inspirativnim pri\u010dama.\n<\/div><div class=\"bde-post-loop-1219-105-1219-1 bde-post-loop bde-post-loop-1219-105\"><div class=\"breakdance-swiper-wrapper\" data-swiper-id=\"105\"><div class=\"swiper\"><div class=\"bde-loop bde-loop-slider ee-posts ee-posts-slider swiper-wrapper\">    <article class=\"bde-loop-item ee-post swiper-slide\">\n        <div class=\"bde-div-1754-101-1817-1754-1 bde-div bde-div-1754-101\">\n  \n  \n\t\n\n\n\n<a class=\"bde-container-link-1754-117-1817-1754-1 bde-container-link bde-container-link-1754-117 breakdance-link\" href=\"https:\/\/zem-zem.at\/bs\/fertigstellung-des-mihrabs\/\" target=\"_self\" data-type=\"url\">\n  \n  \n\t\n\n\n\n<img decoding=\"async\" class=\"bde-image2-1754-102-1817-1754-1 bde-image2 bde-image2-1754-102\" src=\"https:\/\/zem-zem.at\/wp-content\/uploads\/2025\/02\/mihrab-3.jpeg\" loading=\"lazy\" srcset=\"https:\/\/zem-zem.at\/wp-content\/uploads\/2025\/02\/mihrab-3.jpeg 1600w, https:\/\/zem-zem.at\/wp-content\/uploads\/2025\/02\/mihrab-3-300x170.jpeg 300w, https:\/\/zem-zem.at\/wp-content\/uploads\/2025\/02\/mihrab-3-1024x580.jpeg 1024w, https:\/\/zem-zem.at\/wp-content\/uploads\/2025\/02\/mihrab-3-768x435.jpeg 768w, https:\/\/zem-zem.at\/wp-content\/uploads\/2025\/02\/mihrab-3-1536x871.jpeg 1536w, https:\/\/zem-zem.at\/wp-content\/uploads\/2025\/02\/mihrab-3-18x10.jpeg 18w\" sizes=\"(max-width: 1600px) 100vw, 1600px\">\n\n<\/a>\n<\/div>    <\/article>\n    <article class=\"bde-loop-item ee-post swiper-slide\">\n        <div class=\"bde-div-1754-101-1688-1754-1 bde-div bde-div-1754-101\">\n  \n  \n\t\n\n\n\n<a class=\"bde-container-link-1754-117-1688-1754-1 bde-container-link bde-container-link-1754-117 breakdance-link\" href=\"https:\/\/zem-zem.at\/bs\/interreligiose-begegnung-wilfersdorf\/\" target=\"_self\" data-type=\"url\">\n  \n  \n\t\n\n\n\n<img decoding=\"async\" class=\"bde-image2-1754-102-1688-1754-1 bde-image2 bde-image2-1754-102\" src=\"https:\/\/zem-zem.at\/wp-content\/uploads\/2025\/02\/phoca_thumb_l_img_9438.jpg\" loading=\"lazy\" srcset=\"https:\/\/zem-zem.at\/wp-content\/uploads\/2025\/02\/phoca_thumb_l_img_9438.jpg 640w, https:\/\/zem-zem.at\/wp-content\/uploads\/2025\/02\/phoca_thumb_l_img_9438-300x200.jpg 300w, https:\/\/zem-zem.at\/wp-content\/uploads\/2025\/02\/phoca_thumb_l_img_9438-18x12.jpg 18w\" sizes=\"(max-width: 640px) 100vw, 640px\">\n\n<\/a>\n<\/div>    <\/article>\n    <article class=\"bde-loop-item ee-post swiper-slide\">\n        <div class=\"bde-div-1754-101-1723-1754-1 bde-div bde-div-1754-101\">\n  \n  \n\t\n\n\n\n<a class=\"bde-container-link-1754-117-1723-1754-1 bde-container-link bde-container-link-1754-117 breakdance-link\" href=\"https:\/\/zem-zem.at\/bs\/grillveranstaltung-2017\/\" target=\"_self\" data-type=\"url\">\n  \n  \n\t\n\n\n\n<img decoding=\"async\" class=\"bde-image2-1754-102-1723-1754-1 bde-image2 bde-image2-1754-102\" src=\"https:\/\/zem-zem.at\/wp-content\/uploads\/2025\/02\/photo_2017-07-02_22-13-47.webp\" loading=\"lazy\" srcset=\"https:\/\/zem-zem.at\/wp-content\/uploads\/2025\/02\/photo_2017-07-02_22-13-47.webp 1333w, https:\/\/zem-zem.at\/wp-content\/uploads\/2025\/02\/photo_2017-07-02_22-13-47-300x225.webp 300w, https:\/\/zem-zem.at\/wp-content\/uploads\/2025\/02\/photo_2017-07-02_22-13-47-1024x768.webp 1024w, https:\/\/zem-zem.at\/wp-content\/uploads\/2025\/02\/photo_2017-07-02_22-13-47-768x576.webp 768w, https:\/\/zem-zem.at\/wp-content\/uploads\/2025\/02\/photo_2017-07-02_22-13-47-16x12.webp 16w\" sizes=\"(max-width: 1333px) 100vw, 1333px\">\n\n<\/a>\n<\/div>    <\/article>\n    <article class=\"bde-loop-item ee-post swiper-slide\">\n        <div class=\"bde-div-1754-101-1712-1754-1 bde-div bde-div-1754-101\">\n  \n  \n\t\n\n\n\n<a class=\"bde-container-link-1754-117-1712-1754-1 bde-container-link bde-container-link-1754-117 breakdance-link\" href=\"https:\/\/zem-zem.at\/bs\/besuch-vom-imam-aus-bosnien\/\" target=\"_self\" data-type=\"url\">\n  \n  \n\t\n\n\n\n<img decoding=\"async\" class=\"bde-image2-1754-102-1712-1754-1 bde-image2 bde-image2-1754-102\" src=\"https:\/\/zem-zem.at\/wp-content\/uploads\/2025\/02\/IMG_2866.webp\" loading=\"lazy\" srcset=\"https:\/\/zem-zem.at\/wp-content\/uploads\/2025\/02\/IMG_2866.webp 1498w, https:\/\/zem-zem.at\/wp-content\/uploads\/2025\/02\/IMG_2866-300x200.webp 300w, https:\/\/zem-zem.at\/wp-content\/uploads\/2025\/02\/IMG_2866-1024x684.webp 1024w, https:\/\/zem-zem.at\/wp-content\/uploads\/2025\/02\/IMG_2866-768x513.webp 768w, https:\/\/zem-zem.at\/wp-content\/uploads\/2025\/02\/IMG_2866-18x12.webp 18w\" sizes=\"(max-width: 1498px) 100vw, 1498px\">\n\n<\/a>\n<\/div>    <\/article>\n    <article class=\"bde-loop-item ee-post swiper-slide\">\n        <div class=\"bde-div-1754-101-1697-1754-1 bde-div bde-div-1754-101\">\n  \n  \n\t\n\n\n\n<a class=\"bde-container-link-1754-117-1697-1754-1 bde-container-link bde-container-link-1754-117 breakdance-link\" href=\"https:\/\/zem-zem.at\/bs\/geschenke-mekteb\/\" target=\"_self\" data-type=\"url\">\n  \n  \n\t\n\n\n\n<img decoding=\"async\" class=\"bde-image2-1754-102-1697-1754-1 bde-image2 bde-image2-1754-102\" src=\"https:\/\/zem-zem.at\/wp-content\/uploads\/2025\/02\/SL275020.webp\" loading=\"lazy\" srcset=\"https:\/\/zem-zem.at\/wp-content\/uploads\/2025\/02\/SL275020.webp 1333w, https:\/\/zem-zem.at\/wp-content\/uploads\/2025\/02\/SL275020-300x225.webp 300w, https:\/\/zem-zem.at\/wp-content\/uploads\/2025\/02\/SL275020-1024x768.webp 1024w, https:\/\/zem-zem.at\/wp-content\/uploads\/2025\/02\/SL275020-768x576.webp 768w, https:\/\/zem-zem.at\/wp-content\/uploads\/2025\/02\/SL275020-16x12.webp 16w\" sizes=\"(max-width: 1333px) 100vw, 1333px\">\n\n<\/a>\n<\/div>    <\/article>\n    <article class=\"bde-loop-item ee-post swiper-slide\">\n        <div class=\"bde-div-1754-101-1616-1754-1 bde-div bde-div-1754-101\">\n  \n  \n\t\n\n\n\n<a class=\"bde-container-link-1754-117-1616-1754-1 bde-container-link bde-container-link-1754-117 breakdance-link\" href=\"https:\/\/zem-zem.at\/bs\/ausbau-der-moschee\/\" target=\"_self\" data-type=\"url\">\n  \n  \n\t\n\n\n\n<img decoding=\"async\" class=\"bde-image2-1754-102-1616-1754-1 bde-image2 bde-image2-1754-102\" src=\"https:\/\/zem-zem.at\/wp-content\/uploads\/2025\/02\/SL274683.webp\" loading=\"lazy\" srcset=\"https:\/\/zem-zem.at\/wp-content\/uploads\/2025\/02\/SL274683.webp 1333w, https:\/\/zem-zem.at\/wp-content\/uploads\/2025\/02\/SL274683-300x225.webp 300w, https:\/\/zem-zem.at\/wp-content\/uploads\/2025\/02\/SL274683-1024x768.webp 1024w, https:\/\/zem-zem.at\/wp-content\/uploads\/2025\/02\/SL274683-768x576.webp 768w, https:\/\/zem-zem.at\/wp-content\/uploads\/2025\/02\/SL274683-16x12.webp 16w\" sizes=\"(max-width: 1333px) 100vw, 1333px\">\n\n<\/a>\n<\/div>    <\/article>\n    <article class=\"bde-loop-item ee-post swiper-slide\">\n        <div class=\"bde-div-1754-101-1-1754-1 bde-div bde-div-1754-101\">\n  \n  \n\t\n\n\n\n<a class=\"bde-container-link-1754-117-1-1754-1 bde-container-link bde-container-link-1754-117 breakdance-link\" href=\"https:\/\/zem-zem.at\/bs\/tag-der-offenen-moscheen\/\" target=\"_self\" data-type=\"url\">\n  \n  \n\t\n\n\n\n<img decoding=\"async\" class=\"bde-image2-1754-102-1-1754-1 bde-image2 bde-image2-1754-102\" src=\"https:\/\/zem-zem.at\/wp-content\/uploads\/2024\/12\/DSC04670.jpg\" loading=\"lazy\" srcset=\"https:\/\/zem-zem.at\/wp-content\/uploads\/2024\/12\/DSC04670.jpg 1775w, https:\/\/zem-zem.at\/wp-content\/uploads\/2024\/12\/DSC04670-300x169.jpg 300w, https:\/\/zem-zem.at\/wp-content\/uploads\/2024\/12\/DSC04670-1024x577.jpg 1024w, https:\/\/zem-zem.at\/wp-content\/uploads\/2024\/12\/DSC04670-768x433.jpg 768w, https:\/\/zem-zem.at\/wp-content\/uploads\/2024\/12\/DSC04670-1536x865.jpg 1536w, https:\/\/zem-zem.at\/wp-content\/uploads\/2024\/12\/DSC04670-18x10.jpg 18w\" sizes=\"(max-width: 1775px) 100vw, 1775px\">\n\n<\/a>\n<\/div>    <\/article>\n    <article class=\"bde-loop-item ee-post swiper-slide\">\n        <div class=\"bde-div-1754-101-1684-1754-1 bde-div bde-div-1754-101\">\n  \n  \n\t\n\n\n\n<a class=\"bde-container-link-1754-117-1684-1754-1 bde-container-link bde-container-link-1754-117 breakdance-link\" href=\"https:\/\/zem-zem.at\/bs\/renovierung-dachgeschoss\/\" target=\"_self\" data-type=\"url\">\n  \n  \n\t\n\n\n\n<img decoding=\"async\" class=\"bde-image2-1754-102-1684-1754-1 bde-image2 bde-image2-1754-102\" src=\"https:\/\/zem-zem.at\/wp-content\/uploads\/2025\/02\/20150918_135044.webp\" loading=\"lazy\" srcset=\"https:\/\/zem-zem.at\/wp-content\/uploads\/2025\/02\/20150918_135044.webp 1778w, https:\/\/zem-zem.at\/wp-content\/uploads\/2025\/02\/20150918_135044-300x169.webp 300w, https:\/\/zem-zem.at\/wp-content\/uploads\/2025\/02\/20150918_135044-1024x576.webp 1024w, https:\/\/zem-zem.at\/wp-content\/uploads\/2025\/02\/20150918_135044-768x432.webp 768w, https:\/\/zem-zem.at\/wp-content\/uploads\/2025\/02\/20150918_135044-1536x864.webp 1536w, https:\/\/zem-zem.at\/wp-content\/uploads\/2025\/02\/20150918_135044-18x10.webp 18w\" sizes=\"(max-width: 1778px) 100vw, 1778px\">\n\n<\/a>\n<\/div>    <\/article>\n<\/div><\/div>\n            <div class=\"swiper-button-prev\">\n            \n        <\/div>\n        <div class=\"swiper-button-next\">\n            \n        <\/div>\n    \n            <div class=\"swiper-pagination\"><\/div>\n    \n<\/div>\r\n<\/div><div class=\"bde-button-1219-104-1219-1 bde-button bde-button-1219-104\">\n    \n                        \n                        \n    \n    \n    \n    \n            \n                    \n            \n            \n\n    \n    \n    \n    \n    \n    <a class=\"breakdance-link button-atom button-atom--primary bde-button__button\" href=\"\/bs\/aktuelles\/\" target=\"_self\" data-type=\"url\"  >\n\n    \n        <span class=\"button-atom__text\">Svi \u010dlanci<\/span>\n\n        \n        \n                <\/a>\n\n    \n\n\n<\/div><\/div>\n<\/section><\/div>","protected":false},"excerpt":{"rendered":"<p>Es-selamu alejkum Herzlich willkommen bei der Moschee Zem-Zem Gebetszeiten Mistelbach O ihr Menschen, Wir haben euch ja von einem m\u00e4nnlichen und einem weiblichen Wesen erschaffen, und Wir haben euch zu V\u00f6lkern und St\u00e4mmen gemacht, damit ihr einander kennenlernt. Gewi\u00df, der Geehrteste von euch bei Allah ist der Gottesf\u00fcrchtigste von euch. Gewi\u00df, Allah ist Allwissend und [&hellip;]<\/p>","protected":false},"author":1,"featured_media":0,"parent":0,"menu_order":0,"comment_status":"closed","ping_status":"closed","template":"","meta":{"_acf_changed":false,"_breakdance_hide_in_design_set":false,"_breakdance_tags":"","iawp_total_views":1976},"class_list":["post-815","page","type-page","status-publish","hentry"],"acf":[],"_links":{"self":[{"href":"https:\/\/zem-zem.at\/bs\/wp-json\/wp\/v2\/pages\/815","targetHints":{"allow":["GET"]}}],"collection":[{"href":"https:\/\/zem-zem.at\/bs\/wp-json\/wp\/v2\/pages"}],"about":[{"href":"https:\/\/zem-zem.at\/bs\/wp-json\/wp\/v2\/types\/page"}],"author":[{"embeddable":true,"href":"https:\/\/zem-zem.at\/bs\/wp-json\/wp\/v2\/users\/1"}],"replies":[{"embeddable":true,"href":"https:\/\/zem-zem.at\/bs\/wp-json\/wp\/v2\/comments?post=815"}],"version-history":[{"count":5,"href":"https:\/\/zem-zem.at\/bs\/wp-json\/wp\/v2\/pages\/815\/revisions"}],"predecessor-version":[{"id":2379,"href":"https:\/\/zem-zem.at\/bs\/wp-json\/wp\/v2\/pages\/815\/revisions\/2379"}],"wp:attachment":[{"href":"https:\/\/zem-zem.at\/bs\/wp-json\/wp\/v2\/media?parent=815"}],"curies":[{"name":"wp","href":"https:\/\/api.w.org\/{rel}","templated":true}]}}